{"id":56765,"date":"2024-08-02T11:34:56","date_gmt":"2024-08-02T09:34:56","guid":{"rendered":"https:\/\/egyptvitamins.com\/?post_type=product&#038;p=56765"},"modified":"2026-04-03T01:26:18","modified_gmt":"2026-04-02T23:26:18","slug":"arcalion-200mg-60-coated-tablets-2","status":"publish","type":"product","link":"https:\/\/egyptvitamins.com\/en\/product\/arcalion-200mg-60-coated-tablets-2\/","title":{"rendered":"ARCALION 200MG 60 COATED TABLETS"},"content":{"rendered":"<p class=\"AmmNoticeTitre1\">Promotes well-being indications<\/p>\n<p class=\"AmmCorpsTexte\">This drug is indicated for certain temporary states of fatigue in adults (+ 15 years old).<\/p>\n<p class=\"AmmAnnexeTitre1\">2. WHAT YOU NEED TO KNOW BEFORE TAKING ARCALION 200 mg Coated Tablet?<\/p>\n<p class=\"AmmNoticeTitre1\">List of information needed before taking the medication<\/p>\n<p class=\"AmmCorpsTexte\">If your doctor has told you that you are intolerant to certain sugars, contact them before taking this medication.<\/p>\n<p class=\"AmmNoticeTitre1\">Contraindications<\/p>\n<p class=\"AmmCorpsTexte\" align=\"left\"><strong>Do not take ARCALION 200 mg coated tablet in the following case:<\/strong><\/p>\n<p class=\"AmmListePuces1\">\u00b7history of allergy to any of the components of the tablet.<\/p>\n<p class=\"AmmCorpsTexte\"><em>IF IN DOUBT, IT IS ESSENTIAL TO SEEK THE ADVICE OF YOUR DOCTOR OR PHARMACIST<\/em><\/p>\n<p class=\"AmmNoticeTitre1\">Precautions for use; Special warnings<\/p>\n<p class=\"AmmCorpsTexte\"><strong>Be careful with ARCALION 200 mg coated tablet:<\/strong><\/p>\n<p class=\"AmmCorpsTexte\"><strong>Special warnings<\/strong><\/p>\n<p class=\"AmmCorpsTexte\">The use of this drug is not recommended in patients with glucose and\/or galactose malabsorption syndrome (rare hereditary diseases), galactose intolerance, Lapp lactase or sucrase\/isomaltase deficiency (rare hereditary diseases), or fructose intolerance<\/p>\n<p class=\"AmmCorpsTexte\">This medication contains an azo dye agent (E110) and may cause allergic reactions.<\/p>\n<p class=\"AmmCorpsTexte\"><strong>Precautions for use<\/strong><\/p>\n<p class=\"AmmCorpsTexte\">If the symptoms persist beyond 4 weeks, consult your doctor.<\/p>\n<p class=\"AmmCorpsTexte\"><em>IF IN DOUBT, DO NOT HESITATE TO ASK YOUR DOCTOR OR PHARMACIST FOR ADVICE.<\/em><\/p>\n<p class=\"AmmNoticeTitre1\">Interactions with other drugs<\/p>\n<p class=\"AmmCorpsTexte\"><strong>Use of other medications<\/strong><\/p>\n<p class=\"AmmCorpsTexte\"><em>IN ORDER TO AVOID POSSIBLE INTERACTIONS BETWEEN SEVERAL MEDICATIONS, YOU SHOULD SYSTEMATICALLY REPORT ANY OTHER assist withMENT IN PROGRESS TO YOUR DOCTOR OR PHARMACIST.<\/em><\/p>\n<p class=\"AmmCorpsTexte\">If you are taking or have recently taken any other medication, including an over-the-counter medication, talk to your doctor or pharmacist.<\/p>\n<p class=\"AmmNoticeTitre1\">Food and Beverage Interactions<\/p>\n<p class=\"AmmCorpsTexte\">Not applicable.<\/p>\n<p class=\"AmmNoticeTitre1\">Interactions with herbal products or alternative therapies<\/p>\n<p class=\"AmmCorpsTexte\">Not applicable.<\/p>\n<p class=\"AmmNoticeTitre1\">Use during pregnancy and breastfeeding<\/p>\n<p class=\"AmmCorpsTexte\"><strong>Pregnancy and Breastfeeding<\/strong><\/p>\n<p class=\"AmmCorpsTexte\">It is best not to use this medication during pregnancy.<\/p>\n<p class=\"AmmCorpsTexte\">If you discover that you are pregnant during assist withment, consult your doctor, only he or she can judge whether to continue assist withment.<\/p>\n<p class=\"AmmCorpsTexte\">The use of this medication should be avoided while breastfeeding.<\/p>\n<p class=\"AmmCorpsTexte\">In general, during pregnancy and breastfeeding, it is advisable to always ask your doctor or pharmacist for advice before taking any medication.<\/p>\n<p class=\"AmmNoticeTitre1\">Sports<\/p>\n<p class=\"AmmCorpsTexte\">Not applicable.<\/p>\n<p class=\"AmmNoticeTitre1\">Effects on ability to drive or use machines<\/p>\n<p class=\"AmmCorpsTexte\">Not applicable.<\/p>\n<p class=\"AmmNoticeTitre1\">List of excipients with known effect<\/p>\n<p class=\"AmmCorpsTexte\"><strong>List of excipients with known effect:\u00a0<\/strong>glucose, lactose, orange-yellow aluminium lake S (E110) and sucrose.<\/p>\n<p class=\"AmmAnnexeTitre1\">3. HOW TO TAKE ARCALION 200 mg, coated tablet?<\/p>\n<p class=\"AmmNoticeTitre1\">Instructions for proper use<\/p>\n<p class=\"AmmCorpsTexte\">Not applicable.<\/p>\n<p class=\"AmmNoticeTitre1\">Dosage, Mode and\/or route(s) of administration, Frequency of administration and Duration of assist withment<\/p>\n<p class=\"AmmCorpsTexte\"><strong>Posologie<\/strong><\/p>\n<p class=\"AmmCorpsTexte\">RESERVE A L&#8217;ADULTE<\/p>\n<p class=\"AmmCorpsTexte\">2 \u00e0 3 comprim\u00e9s par jour.<\/p>\n<p class=\"AmmCorpsTexte\">Les comprim\u00e9s sont \u00e0 avaler tels quels avec un grand verre d&#8217;eau, en r\u00e9partissant les prises au repas du matin et du midi.<\/p>\n<p class=\"AmmCorpsTexte\">assist withment duration limited to 4 weeks.<\/p>\n<p class=\"AmmCorpsTexte\"><strong>Method and route of administration<\/strong><\/p>\n<p class=\"AmmCorpsTexte\">Oral.<\/p>\n<p class=\"AmmCorpsTexte\"><strong>Duration of assist withment<\/strong><\/p>\n<p class=\"AmmCorpsTexte\">Do not use for more than 4 weeks.<\/p>\n<p class=\"AmmNoticeTitre1\">Symptoms and instructions in case of overdose<\/p>\n<p class=\"AmmCorpsTexte\"><strong>If you have taken more than ARCALION 200 mg coated tablet than you need:<\/strong><\/p>\n<p class=\"AmmCorpsTexte\">In case of overdose, symptoms may include restlessness and tremors of the extremities.<\/p>\n<p class=\"AmmCorpsTexte\">If you have taken more than the right amount of ARCALION 200 mg coated tablet, contact your doctor.<\/p>\n<p class=\"AmmNoticeTitre1\">Instructions for missing one or more doses<\/p>\n<p class=\"AmmCorpsTexte\">Not applicable.<\/p>\n<p class=\"AmmNoticeTitre1\">Risk of withdrawal syndrome<\/p>\n<p class=\"AmmCorpsTexte\">Not applicable.<\/p>\n<p class=\"AmmAnnexeTitre1\">4. WHAT ARE THE POSSIBLE SIDE EFFECTS?<\/p>\n<p class=\"AmmNoticeTitre1\">Description of adverse reactions<\/p>\n<p class=\"AmmCorpsTexte\">Like all medications, ARCALION 200 mg, coated tablet is likely to have adverse effects, although not everyone is prone to them.<\/p>\n<p class=\"AmmListePuces1\">\u00b7Possible skin allergy, digestive intolerance, restlessness, headaches, tremors and malaise,<\/p>\n<p class=\"AmmListePuces1\">\u00b7due to the presence of orange-yellow S, risk of allergic reactions.<\/p>\n<p class=\"AmmCorpsTexte\">If you notice any side effects not listed in this leaflet, or if some side effects become serious, please tell your doctor or pharmacist.<\/p>\n<p class=\"AmmAnnexeTitre1\">5. HOW DO I STORE ARCALION 200 mg, coated tablet?<\/p>\n<p class=\"AmmCorpsTexte\">Keep out of reach and sight of children.<\/p>\n<p class=\"AmmNoticeTitre1\">Expiry date<\/p>\n<p class=\"AmmCorpsTexte\">Do not use ARCALION 200 mg coated tablet after the expiry date stated on the outer packaging<\/p>\n<p class=\"AmmNoticeTitre1\">Storage conditions<\/p>\n<p class=\"AmmCorpsTexte\">Blister pack: Tablets should be stored at a temperature not exceeding 25\u00b0C.<\/p>\n<p class=\"AmmCorpsTexte\">Pill box: Tablets should be stored at a temperature not exceeding 30\u00b0C.<\/p>\n<p class=\"AmmNoticeTitre1\">If necessary, warnings against some visible signs of deterioration<\/p>\n<p class=\"AmmCorpsTexte\">Medications should not be disposed of down the drain or with household waste. Ask your pharmacist what to do with unused medications. These measures will help protect the environment.<\/p>\n<p class=\"AmmAnnexeTitre1\">6. ADDITIONAL INFORMATION<\/p>\n<p class=\"AmmNoticeTitre1\">Complete list of active substances and excipients<\/p>\n<p class=\"AmmCorpsTexte\"><strong>What does ARCALION 200 mg coated tablet contain?<\/strong><\/p>\n<p class=\"AmmCorpsTexte\"><strong>The active substance is:<\/strong><\/p>\n<p class=\"AmmComposition\">Sulbutiamine &#8230;&#8230;&#8230;&#8230;&#8230;&#8230;&#8230;&#8230;&#8230;&#8230;&#8230;&#8230;&#8230;&#8230;&#8230;&#8230;&#8230;&#8230;&#8230;&#8230;&#8230;&#8230;&#8230;&#8230;&#8230;&#8230;&#8230;&#8230;&#8230;&#8230;&#8230;&#8230;&#8230;&#8230;&#8230;&#8230;&#8230;&#8230;&#8230;&#8230;&#8230;&#8230;&#8230;&#8230; 200 mg<\/p>\n<p class=\"AmmComposition\" align=\"center\">For a coated tablet.<\/p>\n<p class=\"AmmCorpsTexte\"><strong>The other components are:<\/strong><\/p>\n<p class=\"AmmCorpsTexte\">Corn starch, starch starch, glucose anhydrous, lactose monohydrate, magnesium stearate, talc, sodium bicarbonate, carmellose sodium, white beeswax, titanium dioxide (E 171), ethyl cellulose, orange-yellow aluminium lake S (E 110), glycerol monooleate, polysorbate 80, povidone, sucrose, colloidal anhydrous silica (Aerosil 130).<\/p>\n<p class=\"AmmNoticeTitre1\">Pharmaceutical form and content<\/p>\n<p class=\"AmmCorpsTexte\"><strong>What is ARCALION 200 mg, coated tablet and contents of the outer package?<\/strong><\/p>\n<p class=\"AmmCorpsTexte\">This medication comes in the form of a coated tablet. Box of 15, 20, 30, 60 or 100 coated tablets.<\/p>\n","protected":false},"excerpt":{"rendered":"<p>Promotes well-being indications This drug is indicated for certain temporary states of fatigue in adults (+ 15 years old). 2. WHAT YOU NEED TO KNOW BEFORE TAKING ARCALION 200 mg Coated Tablet? List of information needed before taking the medication If your doctor has told you that you are intolerant to certain sugars, contact them [&hellip;]<\/p>\n","protected":false},"featured_media":56769,"comment_status":"open","ping_status":"closed","template":"","meta":{"site-sidebar-layout":"default","site-content-layout":"default","ast-site-content-layout":"default","site-content-style":"default","site-sidebar-style":"default","ast-global-header-display":"","ast-banner-title-visibility":"","ast-main-header-display":"","ast-hfb-above-header-display":"","ast-hfb-below-header-display":"","ast-hfb-mobile-header-display":"","site-post-title":"","ast-breadcrumbs-content":"","ast-featured-img":"","footer-sml-layout":"","ast-disable-related-posts":"","theme-transparent-header-meta":"default","adv-header-id-meta":"","stick-header-meta":"","header-above-stick-meta":"","header-main-stick-meta":"","header-below-stick-meta":"","astra-migrate-meta-layouts":"set","ast-page-background-enabled":"default","ast-page-background-meta":{"desktop":{"background-color":"var(--ast-global-color-4)","background-image":"","background-repeat":"repeat","background-position":"center center","background-size":"auto","background-attachment":"scroll","background-type":"","background-media":"","overlay-type":"","overlay-color":"","overlay-opacity":"","overlay-gradient":""},"tablet":{"background-color":"","background-image":"","background-repeat":"repeat","background-position":"center center","background-size":"auto","background-attachment":"scroll","background-type":"","background-media":"","overlay-type":"","overlay-color":"","overlay-opacity":"","overlay-gradient":""},"mobile":{"background-color":"","background-image":"","background-repeat":"repeat","background-position":"center center","background-size":"auto","background-attachment":"scroll","background-type":"","background-media":"","overlay-type":"","overlay-color":"","overlay-opacity":"","overlay-gradient":""}},"ast-content-background-meta":{"desktop":{"background-color":"var(--ast-global-color-5)","background-image":"","background-repeat":"repeat","background-position":"center center","background-size":"auto","background-attachment":"scroll","background-type":"","background-media":"","overlay-type":"","overlay-color":"","overlay-opacity":"","overlay-gradient":""},"tablet":{"background-color":"var(--ast-global-color-5)","background-image":"","background-repeat":"repeat","background-position":"center center","background-size":"auto","background-attachment":"scroll","background-type":"","background-media":"","overlay-type":"","overlay-color":"","overlay-opacity":"","overlay-gradient":""},"mobile":{"background-color":"var(--ast-global-color-5)","background-image":"","background-repeat":"repeat","background-position":"center center","background-size":"auto","background-attachment":"scroll","background-type":"","background-media":"","overlay-type":"","overlay-color":"","overlay-opacity":"","overlay-gradient":""}},"jetpack_post_was_ever_published":false,"jetpack_publicize_message":"","jetpack_publicize_feature_enabled":true,"jetpack_social_post_already_shared":true,"jetpack_social_options":{"image_generator_settings":{"template":"highway","default_image_id":0,"font":"","enabled":false},"version":2}},"pwb-brand":[1732],"product_brand":[],"product_cat":[1291],"product_tag":[1733,760],"class_list":{"0":"post-56765","1":"product","2":"type-product","3":"status-publish","4":"has-post-thumbnail","6":"pwb-brand-arcalion","7":"product_cat-public-health","8":"product_tag-cognitive-function","9":"product_tag-memory","10":"product_shipping_class-fast-free","11":"desktop-align-left","12":"tablet-align-left","13":"mobile-align-center","14":"ast-product-gallery-layout-horizontal-slider","15":"ast-product-gallery-with-no-image","16":"ast-product-tabs-layout-horizontal","17":"ast-qv-on-image","19":"first","20":"outofstock","21":"shipping-taxable","22":"purchasable","23":"product-type-simple"},"supplier_id":null,"supplier_sku":"","barcode":null,"atum_controlled":true,"out_stock_date":"2026-04-03 01:26:18","out_stock_threshold":null,"inheritable":false,"inbound_stock":0,"stock_on_hold":0,"sold_today":0,"sales_last_days":0,"out_stock_days":5,"lost_sales":0,"has_location":false,"update_date":"2026-04-08T18:39:21","atum_locations":[],"atum_stock_status":"outofstock","restock_status":false,"low_stock_amount":"","sales_update_date":"2026-04-08T18:39:21","calc_backorders":null,"mi_inventories":[10530,3742,11265],"multi_inventory":"global","inventory_sorting_mode":"global","inventory_iteration":"global","expirable_inventories":"global","price_per_inventory":"global","show_write_off_inventories":"global","selectable_inventories":"global","selectable_inventories_mode":"global","jetpack_publicize_connections":[],"jetpack-related-posts":[{"id":40673,"url":"https:\/\/egyptvitamins.com\/ar\/product\/jointace-vitabiotics-max-84-count-pack-of-1\/","url_meta":{"origin":56765,"position":0},"title":"Jointace Vitabiotics Max, 84 Count (Pack of 1)","author":"Ahmed Elsayed","date":"March 4, 2024","format":false,"excerpt":"Jointace MAX is the ultimate product in the Jointace range, designed for those who want the most comprehensive cartilage and bone health support Combines collagen, glucosamine and chondroitin tablets and super strength Omega-3 capsules in a special triple packProvides ideal combinations of trace minerals, vitamins and nutrients, ideal for those\u2026","rel":"","context":"Similar post","block_context":{"text":"Similar post","link":""},"img":{"alt_text":"","src":"https:\/\/i0.wp.com\/egyptvitamins.com\/wp-content\/uploads\/2024\/03\/71gsLjmsNeL._AC_SX679_.jpg?resize=350%2C200&ssl=1","width":350,"height":200,"srcset":"https:\/\/i0.wp.com\/egyptvitamins.com\/wp-content\/uploads\/2024\/03\/71gsLjmsNeL._AC_SX679_.jpg?resize=350%2C200&ssl=1 1x, https:\/\/i0.wp.com\/egyptvitamins.com\/wp-content\/uploads\/2024\/03\/71gsLjmsNeL._AC_SX679_.jpg?resize=525%2C300&ssl=1 1.5x"},"classes":[]},{"id":59820,"url":"https:\/\/egyptvitamins.com\/en\/product\/bayer-genuine-aspirin-325-mg-300-coated-tablets\/","url_meta":{"origin":56765,"position":1},"title":"Bayer Genuine Aspirin 325 mg, 300 Coated Tablets","author":"Abdelrahman Napih","date":"September 14, 2024","format":false,"excerpt":"Bayer Genuine Aspirin 325 mg is a NSAIDS drug used for: Helping aid in Another Heart Attack or Ischemic Stroke. Relieving tension and migraine headaches. Reducing Muscle aches. Providing temporary relief from dental discomfort.","rel":"","context":"Similar post","block_context":{"text":"Similar post","link":""},"img":{"alt_text":"Bayer Genuine Aspirin 325 mg, 300 Coated Tablets","src":"https:\/\/i0.wp.com\/egyptvitamins.com\/wp-content\/uploads\/2024\/09\/1-15.jpg?resize=350%2C200&ssl=1","width":350,"height":200,"srcset":"https:\/\/i0.wp.com\/egyptvitamins.com\/wp-content\/uploads\/2024\/09\/1-15.jpg?resize=350%2C200&ssl=1 1x, https:\/\/i0.wp.com\/egyptvitamins.com\/wp-content\/uploads\/2024\/09\/1-15.jpg?resize=525%2C300&ssl=1 1.5x, https:\/\/i0.wp.com\/egyptvitamins.com\/wp-content\/uploads\/2024\/09\/1-15.jpg?resize=700%2C400&ssl=1 2x, https:\/\/i0.wp.com\/egyptvitamins.com\/wp-content\/uploads\/2024\/09\/1-15.jpg?resize=1050%2C600&ssl=1 3x"},"classes":[]},{"id":100203,"url":"https:\/\/egyptvitamins.com\/en\/product\/difrarel-e-bilberry-vitamin-e-vision-support\/","url_meta":{"origin":56765,"position":2},"title":"Difrarel E \u2013 Bilberry Extract and Vitamin E | 60 Tablets","author":"Egypt Vitamins","date":"July 12, 2025","format":false,"excerpt":"A European supplement for adjunctive support of vision. Indicated to support mesopic and scotopic vision (night vision). Features a synergistic blend of Bilberry extract and Vitamin E. Provides powerful antioxidant protection for the eyes.","rel":"","context":"Similar post","block_context":{"text":"Similar post","link":""},"img":{"alt_text":"","src":"https:\/\/i0.wp.com\/egyptvitamins.com\/wp-content\/uploads\/2025\/07\/difrarel-e-bilberry-extract-and-vitamin-e-pack-of-60-tablets.jpg?resize=350%2C200&ssl=1","width":350,"height":200,"srcset":"https:\/\/i0.wp.com\/egyptvitamins.com\/wp-content\/uploads\/2025\/07\/difrarel-e-bilberry-extract-and-vitamin-e-pack-of-60-tablets.jpg?resize=350%2C200&ssl=1 1x, https:\/\/i0.wp.com\/egyptvitamins.com\/wp-content\/uploads\/2025\/07\/difrarel-e-bilberry-extract-and-vitamin-e-pack-of-60-tablets.jpg?resize=525%2C300&ssl=1 1.5x"},"classes":[]},{"id":35932,"url":"https:\/\/egyptvitamins.com\/en\/product\/bronson-apple-cider-vinegar-3000-mg-per-serving-extra-strength-non-gmo-200-vegetarian-tabletsbronson-apple-cider-vinegar-3000-mg-per-serving-extra-strength-non-gmo-200-vegetarian-tablets\/","url_meta":{"origin":56765,"position":3},"title":"Bronson Apple Cider Vinegar 3000 MG per Serving Extra Strength &#8211; Non-GMO, 200 Vegetarian TabletsBronson Apple Cider Vinegar 3000 MG per Serving Extra Strength &#8211; Non-GMO, 200 Vegetarian Tablets\u0643\u0628\u0633\u0648\u0644\u0627\u062a \u062e\u0644 \u0627\u0644\u062a\u0641\u0627\u062d \u0644\u0644\u062a\u062e\u0633\u064a\u0633 \u0648\u062f\u0639\u0645 \u0635\u062d\u0629 \u0627\u0644\u062c\u0647\u0627\u0632 \u0627\u0644\u0647\u0636\u0645\u064a","author":"Ahmed Elsayed","date":"August 28, 2023","format":false,"excerpt":"\u0647\u0630\u0627 \u0627\u0644\u0645\u0646\u062a\u062c \u0647\u0648 \u0645\u0643\u0645\u0644 \u0635\u062d\u064a \u0645\u0639\u0631\u0648\u0641 \u064a\u0633\u062a\u062e\u062f\u0645 \u0644\u0641\u0642\u062f\u0627\u0646 \u0627\u0644\u0648\u0632\u0646 \u0648\u0643\u0630\u0644\u0643 \u0644\u0635\u062d\u0629 \u0623\u062e\u0631\u0649. \u064a\u062d\u0633\u0646 \u062e\u0644 \u0627\u0644\u062a\u0641\u0627\u062d \u0635\u062d\u0629 \u0627\u0644\u0642\u0644\u0628 \u0645\u0646 \u062e\u0644\u0627\u0644 \u062a\u0642\u0644\u064a\u0644 \u0645\u0633\u062a\u0648\u064a\u0627\u062a \u0627\u0644\u0643\u0648\u0644\u064a\u0633\u062a\u0631\u0648\u0644 \u0648\u0642\u0645\u0639 \u0627\u0644\u0631\u063a\u0628\u0629 \u0627\u0644\u0634\u062f\u064a\u062f\u0629 \u0641\u064a \u062a\u0646\u0627\u0648\u0644 \u0627\u0644\u0637\u0639\u0627\u0645. \u064a\u0633\u0627\u0639\u062f \u0645\u0643\u0645\u0644 \u062e\u0644 \u0627\u0644\u062a\u0641\u0627\u062d \u0639\u0644\u0649 \u0627\u0644\u062a\u062d\u0643\u0645 \u0641\u064a \u0627\u0644\u0634\u0647\u064a\u0629 \u0648\u062a\u0642\u0644\u064a\u0644 \u0632\u064a\u0627\u062f\u0629 \u0627\u0644\u0648\u0632\u0646 \u063a\u064a\u0631 \u0627\u0644\u0645\u0631\u063a\u0648\u0628 \u0641\u064a\u0647 \u0645\u0639 \u062a\u0646\u0638\u064a\u0645 \u0645\u0633\u062a\u0648\u064a\u0627\u062a \u0627\u0644\u0633\u0643\u0631 \u0641\u064a \u0627\u0644\u062f\u0645 \u0641\u064a \u0627\u0644\u062c\u0633\u0645.\u2026","rel":"","context":"Similar post","block_context":{"text":"Similar post","link":""},"img":{"alt_text":"","src":"https:\/\/i0.wp.com\/egyptvitamins.com\/wp-content\/uploads\/2023\/08\/71MhZ6HiQOL._AC_UF10001000_QL80_FMwebp_.webp?resize=350%2C200&ssl=1","width":350,"height":200,"srcset":"https:\/\/i0.wp.com\/egyptvitamins.com\/wp-content\/uploads\/2023\/08\/71MhZ6HiQOL._AC_UF10001000_QL80_FMwebp_.webp?resize=350%2C200&ssl=1 1x, https:\/\/i0.wp.com\/egyptvitamins.com\/wp-content\/uploads\/2023\/08\/71MhZ6HiQOL._AC_UF10001000_QL80_FMwebp_.webp?resize=525%2C300&ssl=1 1.5x"},"classes":[]},{"id":93771,"url":"https:\/\/egyptvitamins.com\/en\/product\/bayer-low-dose-aspirin-81mg\/","url_meta":{"origin":56765,"position":4},"title":"Bayer Aspirin 81mg | 300 Coated Tablets","author":"k.maher","date":"April 23, 2025","format":false,"excerpt":"From the #1 Doctor Recommended Aspirin Brand. Helps prevent another heart attack or ischemic stroke under a doctor's care. Also provides temporary relief from minor aches and pains. Safety coated for stomach protection and easier swallowing.","rel":"","context":"Similar post","block_context":{"text":"Similar post","link":""},"img":{"alt_text":"","src":"https:\/\/i0.wp.com\/egyptvitamins.com\/wp-content\/uploads\/2025\/04\/81YucS5sMOL._AC_SL1500_.jpg?resize=350%2C200&ssl=1","width":350,"height":200,"srcset":"https:\/\/i0.wp.com\/egyptvitamins.com\/wp-content\/uploads\/2025\/04\/81YucS5sMOL._AC_SL1500_.jpg?resize=350%2C200&ssl=1 1x, https:\/\/i0.wp.com\/egyptvitamins.com\/wp-content\/uploads\/2025\/04\/81YucS5sMOL._AC_SL1500_.jpg?resize=525%2C300&ssl=1 1.5x, https:\/\/i0.wp.com\/egyptvitamins.com\/wp-content\/uploads\/2025\/04\/81YucS5sMOL._AC_SL1500_.jpg?resize=700%2C400&ssl=1 2x, https:\/\/i0.wp.com\/egyptvitamins.com\/wp-content\/uploads\/2025\/04\/81YucS5sMOL._AC_SL1500_.jpg?resize=1050%2C600&ssl=1 3x"},"classes":[]},{"id":112061,"url":"https:\/\/egyptvitamins.com\/en\/product\/nutravita-vitamin-b12-1000-mg-450-tablets\/","url_meta":{"origin":56765,"position":5},"title":"Nutravita Vitamin B12 | Methylcobalamin 1000mcg High Strength | 450 tabs","author":"Ahmed Eltaib","date":"January 9, 2026","format":false,"excerpt":"The \"Body-Ready\" B12: Most cheap supplements use Cyanocobalamin, a synthetic form that your body must struggle to convert. Nutravita uses Methylcobalamin, the natural, bioactive form that is absorbed immediately for faster results. Unbeatable Value (15 Months): One bottle contains a massive 450 vegan tablets. That is over a year (1.2\u2026","rel":"","context":"Similar post","block_context":{"text":"Similar post","link":""},"img":{"alt_text":"","src":"https:\/\/i0.wp.com\/egyptvitamins.com\/wp-content\/uploads\/2026\/01\/01450TabVitamin-B12-Marketing.webp?resize=350%2C200&ssl=1","width":350,"height":200,"srcset":"https:\/\/i0.wp.com\/egyptvitamins.com\/wp-content\/uploads\/2026\/01\/01450TabVitamin-B12-Marketing.webp?resize=350%2C200&ssl=1 1x, https:\/\/i0.wp.com\/egyptvitamins.com\/wp-content\/uploads\/2026\/01\/01450TabVitamin-B12-Marketing.webp?resize=525%2C300&ssl=1 1.5x, https:\/\/i0.wp.com\/egyptvitamins.com\/wp-content\/uploads\/2026\/01\/01450TabVitamin-B12-Marketing.webp?resize=700%2C400&ssl=1 2x"},"classes":[]}],"jetpack_sharing_enabled":true,"brands":[{"id":1732,"name":"Arcalion","slug":"arcalion"}],"_links":{"self":[{"href":"https:\/\/egyptvitamins.com\/en\/wp-json\/wp\/v2\/product\/56765","targetHints":{"allow":["GET"]}}],"collection":[{"href":"https:\/\/egyptvitamins.com\/en\/wp-json\/wp\/v2\/product"}],"about":[{"href":"https:\/\/egyptvitamins.com\/en\/wp-json\/wp\/v2\/types\/product"}],"replies":[{"embeddable":true,"href":"https:\/\/egyptvitamins.com\/en\/wp-json\/wp\/v2\/comments?post=56765"}],"wp:featuredmedia":[{"embeddable":true,"href":"https:\/\/egyptvitamins.com\/en\/wp-json\/wp\/v2\/media\/56769"}],"wp:attachment":[{"href":"https:\/\/egyptvitamins.com\/en\/wp-json\/wp\/v2\/media?parent=56765"}],"wp:term":[{"taxonomy":"pwb-brand","embeddable":true,"href":"https:\/\/egyptvitamins.com\/en\/wp-json\/wp\/v2\/pwb-brand?post=56765"},{"taxonomy":"product_brand","embeddable":true,"href":"https:\/\/egyptvitamins.com\/en\/wp-json\/wp\/v2\/product_brand?post=56765"},{"taxonomy":"product_cat","embeddable":true,"href":"https:\/\/egyptvitamins.com\/en\/wp-json\/wp\/v2\/product_cat?post=56765"},{"taxonomy":"product_tag","embeddable":true,"href":"https:\/\/egyptvitamins.com\/en\/wp-json\/wp\/v2\/product_tag?post=56765"}],"curies":[{"name":"wp","href":"https:\/\/api.w.org\/{rel}","templated":true}]}}