{"id":25066,"date":"2022-05-09T22:36:21","date_gmt":"2022-05-09T20:36:21","guid":{"rendered":"https:\/\/egyptvitamins.com\/?post_type=product&#038;p=25066"},"modified":"2026-04-03T01:35:38","modified_gmt":"2026-04-02T23:35:38","slug":"bausch-lomb-ocuvite-adult-50-150-count","status":"publish","type":"product","link":"https:\/\/egyptvitamins.com\/en\/product\/bausch-lomb-ocuvite-adult-50-150-count\/","title":{"rendered":"Bausch + Lomb Ocuvite Adult 50+ Vitamin &amp; Mineral Supplement with Lutein, Zeaxanthin, and Omega-3, Soft Gels (150 Count)"},"content":{"rendered":"<hr class=\"bucketDivider\" noshade=\"noshade\" size=\"1\" \/>\n<h2>M\u00e1s informaci\u00f3n del producto<\/h2>\n<div class=\"aplus-v2 desktop celwidget\" data-csa-c-id=\"g1vk34-l9b1he-1g3aoy-bwclrv\" data-cel-widget=\"aplus\">\n<div class=\"celwidget aplus-module module-12 aplus-standard\" data-csa-c-id=\"gtbdwo-5lb950-gtqyu1-td11mk\" data-cel-widget=\"aplus-module-12\">\n<div class=\"a-expander-collapsed-height a-row a-expander-container a-expander-partial-collapse-container\" data-a-expander-name=\"aplus-module-expander\" data-a-expander-collapsed-height=\"360\">\n<div class=\"a-expander-content a-expander-partial-collapse-content\">\n<div class=\"aplus-module-wrapper apm-spacing apm-floatnone apm-fixed-width\">\n<div class=\"apm-sidemodule aplus-module-content\">\n<div class=\"apm-hero-image\"><img decoding=\"async\" class=\"\" src=\"https:\/\/m.media-amazon.com\/images\/S\/aplus-media\/vc\/e07e5396-dc7d-4baa-bff5-cf54b5891ab6.__CR0,0,970,300_PT0_SX970_V1___.png\" alt=\"ocuvita vitaminas para los ojos\" data-src=\"https:\/\/m.media-amazon.com\/images\/S\/aplus-media\/vc\/e07e5396-dc7d-4baa-bff5-cf54b5891ab6.__CR0,0,970,300_PT0_SX970_V1___.png\" \/><\/div>\n<\/div>\n<\/div>\n<div><\/div>\n<\/div>\n<\/div>\n<\/div>\n<div class=\"celwidget aplus-module module-7 aplus-standard\" data-csa-c-id=\"tp18qq-ilu9vn-ci1a8b-28l0dv\" data-cel-widget=\"aplus-module-7\">\n<div class=\"a-expander-collapsed-height a-row a-expander-container a-expander-partial-collapse-container\" data-a-expander-name=\"aplus-module-expander\" data-a-expander-collapsed-height=\"700\">\n<div class=\"a-expander-content a-expander-partial-collapse-content\">\n<div class=\"aplus-module-wrapper apm-fixed-width\">\n<div class=\"apm-spacing apm-wrap\">\n<div class=\"apm-floatleft apm-wrap\">\n<div class=\"apm-leftimage\"><img decoding=\"async\" class=\"a-spacing-mini\" src=\"https:\/\/m.media-amazon.com\/images\/S\/aplus-media\/vc\/c4d13ac1-7278-420b-9b6a-050e884e406c._CR0,0,1080,1080_PT0_SX300__.png\" alt=\"ocuvita vitaminas para los ojos\" data-src=\"https:\/\/m.media-amazon.com\/images\/S\/aplus-media\/vc\/c4d13ac1-7278-420b-9b6a-050e884e406c._CR0,0,1080,1080_PT0_SX300__.png\" \/><\/div>\n<div class=\"apm-rightthirdcol\">\n<div class=\"apm-rightthirdcol-inner\"><\/div>\n<\/div>\n<div class=\"apm-centerthirdcol\">\n<h4 class=\"a-spacing-mini\"><\/h4>\n<p class=\"a-spacing-base\">En el mundo moderno y siempre activo, tus ojos trabajan duro todos los d\u00edas. Entre la luz azul de las pantallas digitales, la luz del sol y el mundo siempre encendido de hoy, \u00a1los ojos est\u00e1n estresados!<\/p>\n<p class=\"a-spacing-base\">A medida que envejeces, tus ojos pueden perder nutrientes vitales como la Lute\u00edna y la Zeaxantina, que son cruciales para apoyar una m\u00e1cula saludable. No puedes detener el envejecimiento, pero puedes comenzar h\u00e1bitos simples que ayudan a cuidar tus ojos.<\/p>\n<h5>Ocuvita Vitaminas. Nutrici\u00f3n ocular para hoy<\/h5>\n<p class=\"a-spacing-base\">Las vitaminas oculares de ocuvita pueden ayudar reponiendo los nutrientes vitales que pierdes a medida que envejeces, y ayudando a nutrir y apoyar el filtro natural del ojo: la m\u00e1cula.<\/p>\n<\/div>\n<\/div>\n<\/div>\n<\/div>\n<div><\/div>\n<\/div>\n<\/div>\n<\/div>\n<div class=\"celwidget aplus-module module-9 aplus-standard\" data-csa-c-id=\"ck3soh-bta6si-blfmu4-raxgsd\" data-cel-widget=\"aplus-module-9\">\n<div class=\"a-expander-collapsed-height a-row a-expander-container a-expander-partial-collapse-container\" data-a-expander-name=\"aplus-module-expander\" data-a-expander-collapsed-height=\"700\">\n<div class=\"a-expander-content a-expander-partial-collapse-content\">\n<div class=\"aplus-module-wrapper apm-fixed-width\">\n<div class=\"apm-spacing apm-fixed-width\">\n<h3 class=\"a-spacing-small\"><\/h3>\n<table class=\"apm-fixed-width apm-eventhirdcol-table\">\n<tbody>\n<tr>\n<th class=\"apm-center\">\n<div class=\"apm-eventhirdcol apm-floatleft\">\n<p><img decoding=\"async\" class=\"a-spacing-mini\" src=\"https:\/\/m.media-amazon.com\/images\/S\/aplus-media\/vc\/cc1ac1e2-8824-47a0-96f1-65d4e13d04e3._CR552,0,2066,2066_PT0_SX300__.jpg\" alt=\"dispositivos digitales\" data-src=\"https:\/\/m.media-amazon.com\/images\/S\/aplus-media\/vc\/cc1ac1e2-8824-47a0-96f1-65d4e13d04e3._CR552,0,2066,2066_PT0_SX300__.jpg\" \/><\/p>\n<\/div>\n<\/th>\n<th class=\"apm-center\">\n<div class=\"apm-eventhirdcol apm-floatleft\">\n<p><img decoding=\"async\" class=\"a-spacing-mini\" src=\"https:\/\/m.media-amazon.com\/images\/S\/aplus-media\/vc\/292326d0-26ca-4aad-a50d-fc76e6fd448a._CR0,0,1440,1440_PT0_SX300__.png\" alt=\"ciencia detr\u00e1s ocuvite\" data-src=\"https:\/\/m.media-amazon.com\/images\/S\/aplus-media\/vc\/292326d0-26ca-4aad-a50d-fc76e6fd448a._CR0,0,1440,1440_PT0_SX300__.png\" \/><\/p>\n<\/div>\n<\/th>\n<th class=\"apm-center\">\n<div class=\"apm-eventhirdcol apm-floatleft\">\n<p><img decoding=\"async\" class=\"a-spacing-mini\" src=\"https:\/\/m.media-amazon.com\/images\/S\/aplus-media\/vc\/3d9a67aa-d3a0-48a7-84b1-387a55c17d95._CR580,0,1440,1440_PT0_SX300__.jpg\" alt=\"Omega 3\" data-src=\"https:\/\/m.media-amazon.com\/images\/S\/aplus-media\/vc\/3d9a67aa-d3a0-48a7-84b1-387a55c17d95._CR580,0,1440,1440_PT0_SX300__.jpg\" \/><\/p>\n<\/div>\n<\/th>\n<\/tr>\n<tr>\n<td class=\"apm-top\">\n<div class=\"apm-eventhirdcol apm-floatleft\">\n<h4 class=\"a-spacing-mini\">Estr\u00e9s ocular cotidiano<\/h4>\n<p>Estamos usando dispositivos digitales m\u00e1s que nunca, exponiendo nuestros ojos a una luz azul de alta energ\u00eda de estos dispositivos durante horas al d\u00eda, lo que puede impactar nuestros ojos con el tiempo. La luz del sol y los largos d\u00edas siempre en marcha tambi\u00e9n cobran su peaje.<\/p>\n<\/div>\n<\/td>\n<td class=\"apm-top\">\n<div class=\"apm-eventhirdcol apm-floatleft\">\n<h4 class=\"a-spacing-mini\">La ciencia de Ocuvita<\/h4>\n<p>DHA y EPA son \u00e1cidos grasos esenciales que desempe\u00f1an un papel importante en la salud ocular, y pueden ser un desaf\u00edo para obtener lo suficiente a trav\u00e9s de la dieta sola. Aseg\u00farese de que los Omega-3 en cualquier suplemento que usted tome para la salud ocular contienen una concentraci\u00f3n suficientemente alta de DHA y EPA.<\/p>\n<\/div>\n<\/td>\n<td class=\"apm-top\">\n<div class=\"apm-eventhirdcol apm-floatleft\">\n<h4 class=\"a-spacing-mini\">La nutrici\u00f3n es clave<\/h4>\n<p>Tus ojos son \u00fanicos y tienen sus propias necesidades nutricionales. Cu\u00eddalos de la manera correcta, eligiendo alimentos saludables, como los que contienen lute\u00edna y zeaxantina, omega-3 y antioxidantes que apoyan la salud ocular.<\/p>\n<\/div>\n<\/td>\n<\/tr>\n<\/tbody>\n<\/table>\n<\/div>\n<\/div>\n<\/div>\n<\/div>\n<\/div>\n<\/div>\n","protected":false},"excerpt":{"rendered":"<div id=\"featurebullets_feature_div\" class=\"celwidget\" data-feature-name=\"featurebullets\" data-csa-c-id=\"szhrjk-3mzr7u-q4jy4r-cmteys\" data-cel-widget=\"featurebullets_feature_div\">\n<div id=\"feature-bullets\" class=\"a-section a-spacing-medium a-spacing-top-small\">\n<ul class=\"a-unordered-list a-vertical a-spacing-mini\">\n<li><span class=\"a-list-item\">La f\u00f3rmula m\u00e1s avanzada Ocuvite para ayudar a proteger la salud ocular<\/span><\/li>\n<li><span class=\"a-list-item\">Especialmente formulado para ayudar a nutrir vital Eye nutrientes que puede perderse como usted edad<\/span><\/li>\n<li><span class=\"a-list-item\">once-daily Soft Gel<\/span><\/li>\n<\/ul>\n<\/div>\n<\/div>\n<div id=\"provenanceCertifications_feature_div\" class=\"celwidget\" data-feature-name=\"provenanceCertifications\" data-csa-c-id=\"83m0v3-qu5hnj-iztdot-ltqz3g\" data-cel-widget=\"provenanceCertifications_feature_div\"><\/div>\n<div id=\"serviceCapabilities_feature_div\" class=\"celwidget\" data-feature-name=\"serviceCapabilities\" data-csa-c-id=\"i7kxp2-9s2vft-oqycug-g6de9t\" data-cel-widget=\"serviceCapabilities_feature_div\">\n<div id=\"vas-service-capabilities\" class=\"a-section a-spacing-none a-spacing-top-micro\"><\/div>\n<\/div>\n<div id=\"globalStoreInfoBullets_feature_div\" class=\"celwidget\" data-feature-name=\"globalStoreInfoBullets\" data-csa-c-id=\"hjjryf-vfeec7-b5j8i6-vavq26\" data-cel-widget=\"globalStoreInfoBullets_feature_div\"><\/div>\n<div id=\"HLCXComparisonJumplink_feature_div\"><\/div>\n<div id=\"vendorPoweredCoupon_feature_div\" class=\"celwidget\" data-feature-name=\"vendorPoweredCoupon\" data-csa-c-id=\"ymh3k7-xgwg0m-a654jl-8p3szs\" data-cel-widget=\"vendorPoweredCoupon_feature_div\"><\/div>\n<div id=\"addOnItem_feature_div\" class=\"celwidget\" data-feature-name=\"addOnItem\" data-csa-c-id=\"f29ofa-op27dt-m6tnwj-4j2j2l\" data-cel-widget=\"addOnItem_feature_div\"><\/div>\n<div id=\"giftcard-holiday-availability-messaging_feature_div\" class=\"celwidget\" data-feature-name=\"giftCardHolidayAvailabilityMessaging\" data-csa-c-id=\"m61sdd-3bdrh5-z56sfr-tkpv3\" data-cel-widget=\"giftcard-holiday-availability-messaging_feature_div\"><\/div>\n<div id=\"andonCord_feature_div\" class=\"celwidget\" data-feature-name=\"andonCord\" data-csa-c-id=\"l9nn33-9i319j-3p9t8a-dpl48z\" data-cel-widget=\"andonCord_feature_div\"><\/div>\n<div id=\"olp_feature_div\" class=\"celwidget\" data-feature-name=\"olp\" data-csa-c-id=\"xl9x85-bclqde-mxkz5k-6u9zcq\" data-cel-widget=\"olp_feature_div\">\n<div id=\"all-offers-display\" class=\"a-section\"><\/div>\n<\/div>\n","protected":false},"featured_media":25067,"comment_status":"open","ping_status":"closed","template":"","meta":{"site-sidebar-layout":"default","site-content-layout":"default","ast-site-content-layout":"default","site-content-style":"default","site-sidebar-style":"default","ast-global-header-display":"","ast-banner-title-visibility":"","ast-main-header-display":"","ast-hfb-above-header-display":"","ast-hfb-below-header-display":"","ast-hfb-mobile-header-display":"","site-post-title":"","ast-breadcrumbs-content":"","ast-featured-img":"","footer-sml-layout":"","ast-disable-related-posts":"","theme-transparent-header-meta":"default","adv-header-id-meta":"","stick-header-meta":"","header-above-stick-meta":"","header-main-stick-meta":"","header-below-stick-meta":"","astra-migrate-meta-layouts":"set","ast-page-background-enabled":"default","ast-page-background-meta":{"desktop":{"background-color":"var(--ast-global-color-4)","background-image":"","background-repeat":"repeat","background-position":"center center","background-size":"auto","background-attachment":"scroll","background-type":"","background-media":"","overlay-type":"","overlay-color":"","overlay-opacity":"","overlay-gradient":""},"tablet":{"background-color":"","background-image":"","background-repeat":"repeat","background-position":"center center","background-size":"auto","background-attachment":"scroll","background-type":"","background-media":"","overlay-type":"","overlay-color":"","overlay-opacity":"","overlay-gradient":""},"mobile":{"background-color":"","background-image":"","background-repeat":"repeat","background-position":"center center","background-size":"auto","background-attachment":"scroll","background-type":"","background-media":"","overlay-type":"","overlay-color":"","overlay-opacity":"","overlay-gradient":""}},"ast-content-background-meta":{"desktop":{"background-color":"var(--ast-global-color-5)","background-image":"","background-repeat":"repeat","background-position":"center center","background-size":"auto","background-attachment":"scroll","background-type":"","background-media":"","overlay-type":"","overlay-color":"","overlay-opacity":"","overlay-gradient":""},"tablet":{"background-color":"var(--ast-global-color-5)","background-image":"","background-repeat":"repeat","background-position":"center center","background-size":"auto","background-attachment":"scroll","background-type":"","background-media":"","overlay-type":"","overlay-color":"","overlay-opacity":"","overlay-gradient":""},"mobile":{"background-color":"var(--ast-global-color-5)","background-image":"","background-repeat":"repeat","background-position":"center center","background-size":"auto","background-attachment":"scroll","background-type":"","background-media":"","overlay-type":"","overlay-color":"","overlay-opacity":"","overlay-gradient":""}},"jetpack_publicize_message":"","jetpack_publicize_feature_enabled":true,"jetpack_social_post_already_shared":false,"jetpack_social_options":{"image_generator_settings":{"template":"highway","default_image_id":0,"font":"","enabled":false},"version":2}},"pwb-brand":[718],"product_brand":[],"product_cat":[60],"product_tag":[1216],"class_list":{"0":"post-25066","1":"product","2":"type-product","3":"status-publish","4":"has-post-thumbnail","6":"pwb-brand-bausch","7":"product_cat-eye-vision","8":"product_tag-eye-vitamins","9":"product_shipping_class-fast-free","10":"pa_age-gender-men-50","11":"pa_age-gender-women-50","12":"pa_imported-from-united-states","13":"pa_ingredients-copper","14":"pa_ingredients-lutein","15":"pa_ingredients-omega-3","16":"pa_ingredients-vitamin-c","17":"pa_ingredients-vitamin-e","18":"pa_ingredients-zeaxanthin","19":"pa_ingredients-zinc","20":"pa_servings-453","21":"pa_size-186","22":"pa_unit-mini-soft-gel","23":"desktop-align-left","24":"tablet-align-left","25":"mobile-align-center","26":"ast-product-gallery-layout-horizontal-slider","27":"ast-product-tabs-layout-horizontal","28":"ast-qv-on-image","30":"first","31":"instock","32":"shipping-taxable","33":"purchasable","34":"product-type-simple"},"supplier_id":null,"supplier_sku":"","barcode":null,"atum_controlled":true,"out_stock_date":null,"out_stock_threshold":null,"inheritable":false,"inbound_stock":0,"stock_on_hold":0,"sold_today":0,"sales_last_days":0,"out_stock_days":0,"lost_sales":0,"has_location":false,"update_date":"2026-05-16T00:11:13","atum_locations":[],"atum_stock_status":"instock","restock_status":false,"low_stock_amount":0,"sales_update_date":"2026-05-16T00:11:13","calc_backorders":null,"mi_inventories":[169,6690],"multi_inventory":"global","inventory_sorting_mode":"global","inventory_iteration":"global","expirable_inventories":"global","price_per_inventory":"global","show_write_off_inventories":"global","selectable_inventories":"global","selectable_inventories_mode":"global","jetpack_publicize_connections":[],"jetpack-related-posts":[{"id":58758,"url":"https:\/\/egyptvitamins.com\/en\/product\/ocuvite-eye-health-adults-50-90-softgels\/","url_meta":{"origin":25066,"position":0},"title":"Ocuvite Eye Health Adults 50+, 90 Softgels","author":"Abdelrahman Napih","date":"August 31, 2024","format":false,"excerpt":"The Ocuvite Eye Vitamin & Mineral Supplement is a comprehensive nutritional supplement designed to: Supports overall eye health. Advanced Nutrient Formula Blue Light Protection Help protect against age-related macular degeneration. Improve night vision. Support healthy retinal function.","rel":"","context":"Similar post","block_context":{"text":"Similar post","link":""},"img":{"alt_text":"Ocuvite Eye Health Adults 50+, 90 Softgels","src":"https:\/\/i0.wp.com\/egyptvitamins.com\/wp-content\/uploads\/2024\/08\/1-49.jpg?resize=350%2C200&ssl=1","width":350,"height":200,"srcset":"https:\/\/i0.wp.com\/egyptvitamins.com\/wp-content\/uploads\/2024\/08\/1-49.jpg?resize=350%2C200&ssl=1 1x, https:\/\/i0.wp.com\/egyptvitamins.com\/wp-content\/uploads\/2024\/08\/1-49.jpg?resize=525%2C300&ssl=1 1.5x, https:\/\/i0.wp.com\/egyptvitamins.com\/wp-content\/uploads\/2024\/08\/1-49.jpg?resize=700%2C400&ssl=1 2x, https:\/\/i0.wp.com\/egyptvitamins.com\/wp-content\/uploads\/2024\/08\/1-49.jpg?resize=1050%2C600&ssl=1 3x"},"classes":[]},{"id":58776,"url":"https:\/\/egyptvitamins.com\/ar\/product\/ocuvite-eye-health-adults-50-90-softgels\/","url_meta":{"origin":25066,"position":1},"title":"\u0623\u0648\u0643\u064a\u0648\u0641\u0627\u064a\u062a \u0644\u0644\u0639\u0646\u0627\u064a\u0629 \u0628\u0635\u062d\u0629 \u0627\u0644\u0639\u064a\u0646 \u0644\u0644\u0628\u0627\u0644\u063a\u064a\u0646 \u0641\u0648\u0642 50 \u0639\u0627\u0645\u064b\u0627, 90 \u0643\u0628\u0633\u0648\u0644\u0629","author":"Abdelrahman Napih","date":"August 31, 2024","format":false,"excerpt":"\u0645\u0643\u0645\u0644 \u0623\u0648\u0643\u064a\u0648\u0641\u064a\u062a \u0644\u0644\u0639\u0646\u0627\u064a\u0629 \u0628\u0635\u062d\u0629 \u0627\u0644\u0639\u064a\u0646 \u0644\u0644\u0628\u0627\u0644\u063a\u064a\u0646 \u0641\u0648\u0642 50 \u0639\u0627\u0645\u064b\u0627 \u0647\u0648 \u0645\u0643\u0645\u0644 \u063a\u0630\u0627\u0626\u064a \u0634\u0627\u0645\u0644 \u0645\u0635\u0645\u0645 \u0644\u0640: \u062f\u0639\u0645 \u0635\u062d\u0629 \u0627\u0644\u0639\u064a\u0646 \u0628\u0634\u0643\u0644 \u0639\u0627\u0645. \u0627\u0644\u0645\u0633\u0627\u0639\u062f\u0629 \u0641\u064a \u0627\u0644\u062d\u0645\u0627\u064a\u0629 \u0645\u0646 \u0627\u0644\u0636\u0645\u0648\u0631 \u0627\u0644\u0628\u0642\u0639\u064a \u0627\u0644\u0645\u0631\u062a\u0628\u0637 \u0628\u0627\u0644\u0639\u0645\u0631. \u062a\u062d\u0633\u064a\u0646 \u0627\u0644\u0631\u0624\u064a\u0629 \u0627\u0644\u0644\u064a\u0644\u064a\u0629. \u062f\u0639\u0645 \u0648\u0638\u0627\u0626\u0641 \u0648\u0635\u062d\u0629 \u0627\u0644\u0634\u0628\u0643\u064a\u0629.","rel":"","context":"Similar post","block_context":{"text":"Similar post","link":""},"img":{"alt_text":"Ocuvite Eye Health Adults 50+, 90 Softgels","src":"https:\/\/i0.wp.com\/egyptvitamins.com\/wp-content\/uploads\/2024\/08\/1-49.jpg?resize=350%2C200&ssl=1","width":350,"height":200,"srcset":"https:\/\/i0.wp.com\/egyptvitamins.com\/wp-content\/uploads\/2024\/08\/1-49.jpg?resize=350%2C200&ssl=1 1x, https:\/\/i0.wp.com\/egyptvitamins.com\/wp-content\/uploads\/2024\/08\/1-49.jpg?resize=525%2C300&ssl=1 1.5x, https:\/\/i0.wp.com\/egyptvitamins.com\/wp-content\/uploads\/2024\/08\/1-49.jpg?resize=700%2C400&ssl=1 2x, https:\/\/i0.wp.com\/egyptvitamins.com\/wp-content\/uploads\/2024\/08\/1-49.jpg?resize=1050%2C600&ssl=1 3x"},"classes":[]},{"id":31680,"url":"https:\/\/egyptvitamins.com\/en\/product\/open-bottle-preservision-areds-2-eye-vitamin-mineral-supplement-210-ct-with-lutein-and-zeaxanthin-soft-gels-%d8%a7%d8%b1%d9%8a%d8%af%d8%b32-%d9%84%d9%84%d8%b9%d9%8a%d9%86-%d9%81%d9%8a%d8%aa\/","url_meta":{"origin":25066,"position":2},"title":"(Open Bottle) PreserVision AREDS 2 Eye Vitamin &amp; Mineral Supplement (210 ct) with Lutein and Zeaxanthin, Soft Gels \u0627\u0631\u064a\u062f\u06332 \u0644\u0644\u0639\u064a\u0646 \u0641\u064a\u062a\u0627\u0645\u064a\u0646\u0627\u062a \u0648\u0645\u0639\u0627\u062f\u0646 \u0644\u0635\u062d\u0629 \u0627\u0644\u0639\u064a\u0646 210 \u0633\u0648\u0641\u062a \u062c\u064a\u0644","author":"Egypt","date":"March 29, 2023","format":false,"excerpt":"\u0623\u0631\u064a\u062f\u0633 2 \u0641\u064a\u062a\u0627\u0645\u064a\u0646\u0627\u062a \u0648\u0645\u0639\u0627\u062f\u0646 \u0645\u0639 \u0644\u0648\u062a\u064a\u0646 \u0648 \u0632\u064a\u0627\u0643\u0633\u0627\u0646\u062b\u064a\u0646 \u0648\u0627\u0644\u0632\u0646\u0643 \u0648\u0627\u0644\u0646\u062d\u0627\u0633 \u0648\u0641\u064a\u062a\u0627\u0645\u064a\u0646 \u062c \u0648\u0641\u064a\u062a\u0627\u0645\u064a\u0646 \u0647\u200d \u0644\u0644\u0648\u0642\u0627\u064a\u0629 \u0645\u0646 \u0623\u0645\u0631\u0627\u0636 \u0627\u0644\u0639\u064a\u0646 \u0630\u0627\u062a \u0627\u0644\u0635\u0644\u0629 \u0628\u0627\u0644\u0639\u0645\u0631 \u00a0\u0627\u0644\u0645\u0646\u062a\u062c \u0631\u0642\u0645 1 \u0641\u0649 \u0623\u0645\u0631\u064a\u0643\u0627 \u0627\u0644\u0630\u0649 \u064a\u0648\u0635\u0649 \u0628\u0647\u0627 \u0623\u0637\u0628\u0627\u0621 \u0627\u0644\u0639\u064a\u0648\u0646 \u00a0\u0644\u0645\u0646\u0639 \u062c\u0641\u0627\u0641 \u0627\u0644\u0639\u064a\u0646 \u0648 \u0625\u062c\u0647\u0627\u062f \u0627\u0644\u0639\u064a\u0646 \u00a0\u0644\u062a\u062d\u0633\u064a\u0646 \u062c\u0648\u062f\u0629 \u0627\u0644\u0646\u0648\u0645 \u0648 \u062a\u062d\u0633\u064a\u0646 \u0627\u0644\u0631\u0624\u064a\u0629 \u0627\u0644\u0644\u064a\u0644\u064a\u0629 \u00a0\u0644\u0632\u064a\u0627\u062f\u0629 \u0627\u0644\u0642\u062f\u0631\u0629 \u0639\u0644\u0649 \u0631\u0624\u064a\u0629 \u0627\u0644\u062a\u0641\u0627\u0635\u064a\u0644 \u0627\u0644\u062f\u0642\u064a\u0642\u0629\u2026","rel":"","context":"Similar post","block_context":{"text":"Similar post","link":""},"img":{"alt_text":"PreserVision AREDS 2 | Clinical Eye Health Formula | 210 Softgels","src":"https:\/\/i0.wp.com\/egyptvitamins.com\/wp-content\/uploads\/2023\/03\/71wh6cRED-L._AC_SL1500_.jpg?resize=350%2C200&ssl=1","width":350,"height":200,"srcset":"https:\/\/i0.wp.com\/egyptvitamins.com\/wp-content\/uploads\/2023\/03\/71wh6cRED-L._AC_SL1500_.jpg?resize=350%2C200&ssl=1 1x, https:\/\/i0.wp.com\/egyptvitamins.com\/wp-content\/uploads\/2023\/03\/71wh6cRED-L._AC_SL1500_.jpg?resize=525%2C300&ssl=1 1.5x, https:\/\/i0.wp.com\/egyptvitamins.com\/wp-content\/uploads\/2023\/03\/71wh6cRED-L._AC_SL1500_.jpg?resize=700%2C400&ssl=1 2x"},"classes":[]},{"id":116041,"url":"https:\/\/egyptvitamins.com\/en\/product\/nordic-naturals-proomega-2000-lemon-flavor-120-soft-gels\/","url_meta":{"origin":25066,"position":3},"title":"Nordic Naturals ProOmega 2000, Lemon Flavor | 120 Soft Gels","author":"Ahmed Eltaib","date":"March 27, 2026","format":false,"excerpt":"","rel":"","context":"Similar post","block_context":{"text":"Similar post","link":""},"img":{"alt_text":"Nordic Naturals ProOmega 2000, Lemon Flavor | 120 Soft Gels","src":"https:\/\/i0.wp.com\/egyptvitamins.com\/wp-content\/uploads\/2026\/03\/51g2C0jdUQL._AC_SL1000_.jpg?resize=350%2C200&ssl=1","width":350,"height":200,"srcset":"https:\/\/i0.wp.com\/egyptvitamins.com\/wp-content\/uploads\/2026\/03\/51g2C0jdUQL._AC_SL1000_.jpg?resize=350%2C200&ssl=1 1x, https:\/\/i0.wp.com\/egyptvitamins.com\/wp-content\/uploads\/2026\/03\/51g2C0jdUQL._AC_SL1000_.jpg?resize=525%2C300&ssl=1 1.5x"},"classes":[]},{"id":108141,"url":"https:\/\/egyptvitamins.com\/en\/product\/nordic-naturals-ultimate-omega-2x-teen-strawberry-60-mini-soft-gels\/","url_meta":{"origin":25066,"position":4},"title":"Nordic Naturals Ultimate Omega Teen, Strawberry &#8211; 60 Mini Soft Gels","author":"Ahmed Eltaib","date":"October 6, 2025","format":false,"excerpt":"","rel":"","context":"Similar post","block_context":{"text":"Similar post","link":""},"img":{"alt_text":"Nordic Naturals Ultimate Omega 2X Teen, Strawberry - 60 Mini Soft Gels","src":"https:\/\/i0.wp.com\/egyptvitamins.com\/wp-content\/uploads\/2025\/10\/61BBXIdXZhL._AC_SL1000_.jpg?resize=350%2C200&ssl=1","width":350,"height":200,"srcset":"https:\/\/i0.wp.com\/egyptvitamins.com\/wp-content\/uploads\/2025\/10\/61BBXIdXZhL._AC_SL1000_.jpg?resize=350%2C200&ssl=1 1x, https:\/\/i0.wp.com\/egyptvitamins.com\/wp-content\/uploads\/2025\/10\/61BBXIdXZhL._AC_SL1000_.jpg?resize=525%2C300&ssl=1 1.5x, https:\/\/i0.wp.com\/egyptvitamins.com\/wp-content\/uploads\/2025\/10\/61BBXIdXZhL._AC_SL1000_.jpg?resize=700%2C400&ssl=1 2x"},"classes":[]},{"id":117646,"url":"https:\/\/egyptvitamins.com\/en\/product\/irwin-naturals-ginkgo-smart-120-liquid-soft-gels\/","url_meta":{"origin":25066,"position":5},"title":"Irwin Naturals Ginkgo Smart | 120 Liquid Soft-Gels","author":"Ahmed Eltaib","date":"April 24, 2026","format":false,"excerpt":"","rel":"","context":"Similar post","block_context":{"text":"Similar post","link":""},"img":{"alt_text":"","src":"https:\/\/i0.wp.com\/egyptvitamins.com\/wp-content\/uploads\/2026\/04\/71WPUTeUvDL._AC_SL1500_.jpg?resize=350%2C200&ssl=1","width":350,"height":200,"srcset":"https:\/\/i0.wp.com\/egyptvitamins.com\/wp-content\/uploads\/2026\/04\/71WPUTeUvDL._AC_SL1500_.jpg?resize=350%2C200&ssl=1 1x, https:\/\/i0.wp.com\/egyptvitamins.com\/wp-content\/uploads\/2026\/04\/71WPUTeUvDL._AC_SL1500_.jpg?resize=525%2C300&ssl=1 1.5x, https:\/\/i0.wp.com\/egyptvitamins.com\/wp-content\/uploads\/2026\/04\/71WPUTeUvDL._AC_SL1500_.jpg?resize=700%2C400&ssl=1 2x"},"classes":[]}],"jetpack_sharing_enabled":true,"brands":[{"id":718,"name":"BAUSCH","slug":"bausch"}],"_links":{"self":[{"href":"https:\/\/egyptvitamins.com\/en\/wp-json\/wp\/v2\/product\/25066","targetHints":{"allow":["GET"]}}],"collection":[{"href":"https:\/\/egyptvitamins.com\/en\/wp-json\/wp\/v2\/product"}],"about":[{"href":"https:\/\/egyptvitamins.com\/en\/wp-json\/wp\/v2\/types\/product"}],"replies":[{"embeddable":true,"href":"https:\/\/egyptvitamins.com\/en\/wp-json\/wp\/v2\/comments?post=25066"}],"wp:featuredmedia":[{"embeddable":true,"href":"https:\/\/egyptvitamins.com\/en\/wp-json\/wp\/v2\/media\/25067"}],"wp:attachment":[{"href":"https:\/\/egyptvitamins.com\/en\/wp-json\/wp\/v2\/media?parent=25066"}],"wp:term":[{"taxonomy":"pwb-brand","embeddable":true,"href":"https:\/\/egyptvitamins.com\/en\/wp-json\/wp\/v2\/pwb-brand?post=25066"},{"taxonomy":"product_brand","embeddable":true,"href":"https:\/\/egyptvitamins.com\/en\/wp-json\/wp\/v2\/product_brand?post=25066"},{"taxonomy":"product_cat","embeddable":true,"href":"https:\/\/egyptvitamins.com\/en\/wp-json\/wp\/v2\/product_cat?post=25066"},{"taxonomy":"product_tag","embeddable":true,"href":"https:\/\/egyptvitamins.com\/en\/wp-json\/wp\/v2\/product_tag?post=25066"}],"curies":[{"name":"wp","href":"https:\/\/api.w.org\/{rel}","templated":true}]}}