{"id":17466,"date":"2021-09-04T11:37:00","date_gmt":"2021-09-04T08:37:00","guid":{"rendered":"https:\/\/egyptvitamins.com\/?post_type=product&#038;p=17466"},"modified":"2026-04-03T01:36:31","modified_gmt":"2026-04-02T23:36:31","slug":"isdin-fotoprotector-fusion-water-spf50-50-ml-i-sunscreen-for-face-i-water-based-i-oil-free-i-sensitive-skin-i-paraben-free-i-make-up-friendly","status":"publish","type":"product","link":"https:\/\/egyptvitamins.com\/en\/product\/isdin-fotoprotector-fusion-water-spf50-50-ml-i-sunscreen-for-face-i-water-based-i-oil-free-i-sensitive-skin-i-paraben-free-i-make-up-friendly\/","title":{"rendered":"ISDIN Fotoprotector Fusion Water SPF50, 50 ml I Sunscreen for face I water-based I oil-free I sensitive skin I paraben free I make up friendly \u0648\u0627\u0642\u0649 \u0627\u0644\u0634\u0645\u0633 \u062e\u0627\u0644\u0649 \u0645\u0646 \u0627\u0644\u0632\u064a\u062a \u060c \u0644\u0644\u0628\u0634\u0631\u0629 \u0627\u0644\u062d\u0633\u0627\u0633\u0629 50\u0645\u0644"},"content":{"rendered":"<p>ISDIN Fotoprotector Fusion Water SPF50 is a facial sunscreen ideal for daily use. It is suitable for all skin types including oily, sensitive and also atopic skin. Containing solar filters that protect from both UVA and UVB radiation its formula is also enriched with Hyaluronic Acid. This ingredient allows this sunscreen to also deeply moisturize the skin and keep it hydrated. With a pleasant fluid texture, it leaves no white cast and a silky finish providing an excellent makeup base. In addition, its unique formula does not sting the eyes and is also sea friendly. Its practical packaging and the fact that its formula can be applied on wet skin makes it ideal to keep with you on every occasion, and perfectly enjoy the sun during outdoor activities.<\/p>\n","protected":false},"excerpt":{"rendered":"<ul class=\"a-unordered-list a-vertical a-spacing-mini\">\n<li>\u064a\u0645\u0643\u0646 \u0627\u0633\u062a\u062e\u062f\u0627\u0645\u0647 \u062a\u062d\u062a \u0643\u0631\u064a\u0645 \u0627\u0644\u0623\u0633\u0627\u0633 \u0627\u0648 \u0628\u062f\u0644\u0627 \u0645\u0646\u0647 \u0644\u0644\u062d\u0635\u0648\u0644 \u0639\u0644\u0649 \u0628\u0634\u0631\u0629 \u0623\u0643\u062b\u0631 \u0646\u0639\u0648\u0645\u0629 \u0648 \u0625\u0634\u0631\u0642\u0627<\/li>\n<li>\u00a0\u0645\u0635\u0646\u0648\u0639 \u0644\u0644\u0628\u0634\u0631\u0629 \u0627\u0644\u062d\u0633\u0627\u0633\u0629 \u0644\u0644\u063a\u0627\u064a\u0629 \u0648\u0644\u0627 \u064a\u062d\u062a\u0648\u0649 \u0639\u0644\u0649 \u0645\u0648\u0627\u062f \u0643\u064a\u0645\u064a\u0627\u0626\u064a\u0629 \u0642\u0627\u0633\u064a\u0629 \u0627\u0648 \u0645\u0647\u064a\u062c\u0629<\/li>\n<li>\u00a0\u062a\u0645 \u062a\u0637\u0648\u064a\u0631 \u0647\u0630\u0627 \u0648\u0627\u0642\u0649 \u0627\u0644\u0634\u0645\u0633 \u0644\u064a\u0643\u0648\u0646 \u0645\u0642\u0627\u0648\u0645 \u0644\u0644\u0645\u0627\u0621<\/li>\n<li>\u00a0\u0635\u0645\u0645\u00a0 \u0648\u0627\u0642\u0649 \u0627\u0644\u0634\u0645\u0633 \u062e\u0635\u064a\u0635\u0627 \u0644\u062d\u0645\u0627\u064a\u0629 \u0628\u0634\u0631\u062a\u0643 \u0628\u0634\u0643\u0644 \u0637\u0628\u064a\u0639\u0649 \u0645\u0646 \u0627\u0644\u0623\u0634\u0639\u0629 \u0641\u0648\u0642 \u0627\u0644\u0628\u0646\u0641\u0633\u062c\u064a\u0629 \u0648\u0647\u0648 \u062e\u0627\u0644\u0649 \u0645\u0646 \u0627\u0644\u0645\u0648\u0627\u062f \u0627\u0644\u0636\u0627\u0631\u0629 \u0648\u0635\u062f\u064a\u0642\u0629 \u0644\u0644\u0634\u0639\u0628 \u0627\u0644\u0645\u0631\u062c\u0627\u0646\u064a\u0629<\/li>\n<li>\u00a0\u0635\u062f\u064a\u0642\u0629 \u0644\u0644\u0628\u064a\u0626\u0629 \u0648\u0622\u0645\u0646\u0647 \u0648 \u0644\u0637\u064a\u0641 \u0628\u0645\u0627 \u064a\u0643\u0641\u0649 \u0644\u062c\u0645\u064a\u0639 \u0623\u0641\u0631\u0627\u062f \u0627\u0644\u0623\u0633\u0631\u0629 \u064a\u0648\u0636\u0639 \u0628\u0643\u0645\u064a\u0647 \u0643\u0627\u0641\u064a\u0629 \u0639\u0644\u0649 \u0627\u0644\u0648\u062c\u0629 \u064a\u0648\u0645\u064a\u0627\u064b \u0627\u0648 \u0642\u0628\u0644 15 \u062f\u0642\u064a\u0642\u0629 \u0645\u0646 \u0627\u0644\u062a\u0639\u0631\u0636 \u0644\u0644\u0634\u0645\u0633<\/li>\n<li>\u00a0\u0641\u064a\u062a\u0627\u0645\u064a\u0646 \u062c \u0648 \u0641\u064a\u062a\u0627\u0645\u064a\u0646 \u0647&#x200d; \u0645\u0646 \u0645\u0636\u0627\u062f\u0627\u062a \u0627\u0644\u0623\u0643\u0633\u062f\u0629 \u0627\u0644\u0642\u0648\u064a\u0629 \u0627\u0644\u062a\u0649 \u064a\u062d\u0645\u0649 \u0627\u0644\u0628\u0634\u0631\u0629 \u0645\u0646 \u0627\u0644\u062c\u0630\u0648\u0631 \u0627\u0644\u062d\u0631\u0629 \u0645\u0645\u0627 \u064a\u0633\u0627\u0639\u062f \u0639\u0644\u0649 \u0627\u0644\u062d\u062f \u0645\u0646 \u0627\u0644\u0622\u062b\u0627\u0631 \u0627\u0644\u0634\u064a\u062e\u0648\u062e\u0629 \u0639\u0644\u0649 \u0627\u0644\u0628\u0634\u0631\u0629<\/li>\n<li>\u00a0\u064a\u062d\u0627\u0641\u0638 \u062d\u0645\u0636 \u0627\u0644\u0647\u064a\u0627\u0644\u0648\u0631\u0648\u0646\u064a\u0643 \u0639\u0644\u0649 \u062a\u0631\u0637\u064a\u0628 \u0627\u0644\u0628\u0634\u0631\u0647 \u0648 \u064a\u0646\u0627\u0633\u0628 \u062c\u0645\u064a\u0639 \u0623\u0646\u0648\u0627\u0639 \u0627\u0644\u0628\u0634\u0631\u0629<\/li>\n<li>\u0635\u0646\u0639 \u0641\u0649 \u0627\u0633\u0628\u0627\u0646\u064a\u0627 \u0648 \u062e\u0627\u0644\u0649 \u0645\u0646 \u0645\u0633\u0628\u0628\u0627\u062a \u0627\u0644\u062d\u0633\u0627\u0633\u064a\u0629<\/li>\n<li><span class=\"a-list-item\">Broad spectrum photo-filters that protect from both UVA and UVB rays, providing an SPF of 50<\/span><\/li>\n<li><span class=\"a-list-item\">Vitamin C and Vitamin E are powerful antioxidants that protect the skin from free radicals helping limit the photo aging effects on the skin<\/span><\/li>\n<li><span class=\"a-list-item\">Does not sting the eyes, can be applied on wet skin, leaves no white cast, provides an excellent makeup base<\/span><\/li>\n<li><span class=\"a-list-item\">Hyaluronic acid keeps the skin hydrated &amp; it suits all skin types<\/span><\/li>\n<li><span class=\"a-list-item\">Sea friendly formula which respects the flora &amp; fauna of the ecosystem<\/span><\/li>\n<\/ul>\n","protected":false},"featured_media":17467,"comment_status":"open","ping_status":"closed","template":"","meta":{"site-sidebar-layout":"default","site-content-layout":"default","ast-site-content-layout":"default","site-content-style":"default","site-sidebar-style":"default","ast-global-header-display":"","ast-banner-title-visibility":"","ast-main-header-display":"","ast-hfb-above-header-display":"","ast-hfb-below-header-display":"","ast-hfb-mobile-header-display":"","site-post-title":"","ast-breadcrumbs-content":"","ast-featured-img":"","footer-sml-layout":"","ast-disable-related-posts":"","theme-transparent-header-meta":"default","adv-header-id-meta":"","stick-header-meta":"","header-above-stick-meta":"","header-main-stick-meta":"","header-below-stick-meta":"","astra-migrate-meta-layouts":"default","ast-page-background-enabled":"default","ast-page-background-meta":{"desktop":{"background-color":"var(--ast-global-color-4)","background-image":"","background-repeat":"repeat","background-position":"center center","background-size":"auto","background-attachment":"scroll","background-type":"","background-media":"","overlay-type":"","overlay-color":"","overlay-opacity":"","overlay-gradient":""},"tablet":{"background-color":"","background-image":"","background-repeat":"repeat","background-position":"center center","background-size":"auto","background-attachment":"scroll","background-type":"","background-media":"","overlay-type":"","overlay-color":"","overlay-opacity":"","overlay-gradient":""},"mobile":{"background-color":"","background-image":"","background-repeat":"repeat","background-position":"center center","background-size":"auto","background-attachment":"scroll","background-type":"","background-media":"","overlay-type":"","overlay-color":"","overlay-opacity":"","overlay-gradient":""}},"ast-content-background-meta":{"desktop":{"background-color":"var(--ast-global-color-5)","background-image":"","background-repeat":"repeat","background-position":"center center","background-size":"auto","background-attachment":"scroll","background-type":"","background-media":"","overlay-type":"","overlay-color":"","overlay-opacity":"","overlay-gradient":""},"tablet":{"background-color":"var(--ast-global-color-5)","background-image":"","background-repeat":"repeat","background-position":"center center","background-size":"auto","background-attachment":"scroll","background-type":"","background-media":"","overlay-type":"","overlay-color":"","overlay-opacity":"","overlay-gradient":""},"mobile":{"background-color":"var(--ast-global-color-5)","background-image":"","background-repeat":"repeat","background-position":"center center","background-size":"auto","background-attachment":"scroll","background-type":"","background-media":"","overlay-type":"","overlay-color":"","overlay-opacity":"","overlay-gradient":""}},"jetpack_post_was_ever_published":false,"jetpack_publicize_message":"","jetpack_publicize_feature_enabled":true,"jetpack_social_post_already_shared":false,"jetpack_social_options":{"image_generator_settings":{"template":"highway","default_image_id":0,"font":"","enabled":false},"version":2}},"pwb-brand":[611],"product_brand":[],"product_cat":[65],"product_tag":[],"class_list":{"0":"post-17466","1":"product","2":"type-product","3":"status-publish","4":"has-post-thumbnail","6":"pwb-brand-isdin","7":"product_cat-beauty-hair-skin-nails","8":"pa_age-gender-female-teens","9":"pa_age-gender-kids","10":"pa_age-gender-male-teens","11":"pa_age-gender-men","12":"pa_age-gender-men-50","13":"pa_age-gender-men-70","14":"pa_age-gender-women","15":"pa_age-gender-women-50","16":"pa_age-gender-women-70","17":"pa_size-377","18":"pa_unit-ml","19":"desktop-align-left","20":"tablet-align-left","21":"mobile-align-center","22":"ast-product-gallery-layout-horizontal-slider","23":"ast-product-tabs-layout-horizontal","24":"ast-qv-on-image","26":"first","27":"outofstock","28":"sale","29":"shipping-taxable","30":"purchasable","31":"product-type-simple"},"supplier_id":null,"supplier_sku":"","barcode":null,"atum_controlled":true,"out_stock_date":"2026-04-03 01:36:31","out_stock_threshold":null,"inheritable":false,"inbound_stock":0,"stock_on_hold":0,"sold_today":0,"sales_last_days":0,"out_stock_days":27,"lost_sales":0,"has_location":false,"update_date":"2026-04-30T21:33:22","atum_locations":[],"atum_stock_status":"outofstock","restock_status":false,"low_stock_amount":0,"sales_update_date":"2026-04-30T21:33:22","calc_backorders":null,"mi_inventories":[474],"multi_inventory":"global","inventory_sorting_mode":"global","inventory_iteration":"global","expirable_inventories":"global","price_per_inventory":"global","show_write_off_inventories":"global","selectable_inventories":"global","selectable_inventories_mode":"global","jetpack_publicize_connections":[],"jetpack-related-posts":[{"id":100610,"url":"https:\/\/egyptvitamins.com\/en\/product\/isdin-fotoultra-100-spot-prevent-sunscreen\/","url_meta":{"origin":17466,"position":0},"title":"ISDIN Spot Prevent Sunscreen for Sun Spots | SPF 50+","author":"Egypt Vitamins","date":"July 16, 2025","format":false,"excerpt":"Provides 3x more UVA protection than the minimum for an SPF 50+. Specifically formulated to help prevent sun-induced dark spots. An ultra-light Fusion Fluid\u00ae texture that melts into the skin. With Hyaluronic Acid to improve elasticity and hydrate.","rel":"","context":"Similar post","block_context":{"text":"Similar post","link":""},"img":{"alt_text":"","src":"https:\/\/i0.wp.com\/egyptvitamins.com\/wp-content\/uploads\/2025\/07\/61n9WCPAH1L._UF8941000_QL80_FMwebp_.webp?resize=350%2C200&ssl=1","width":350,"height":200,"srcset":"https:\/\/i0.wp.com\/egyptvitamins.com\/wp-content\/uploads\/2025\/07\/61n9WCPAH1L._UF8941000_QL80_FMwebp_.webp?resize=350%2C200&ssl=1 1x, https:\/\/i0.wp.com\/egyptvitamins.com\/wp-content\/uploads\/2025\/07\/61n9WCPAH1L._UF8941000_QL80_FMwebp_.webp?resize=525%2C300&ssl=1 1.5x, https:\/\/i0.wp.com\/egyptvitamins.com\/wp-content\/uploads\/2025\/07\/61n9WCPAH1L._UF8941000_QL80_FMwebp_.webp?resize=700%2C400&ssl=1 2x"},"classes":[]},{"id":55980,"url":"https:\/\/egyptvitamins.com\/en\/product\/almoes-serum-20-vitamin-calpha-arbutin-polyglutamic-acidhyaluronic-acid-vit-ecollagenpore-minimizing-formula-brightening-face-eye-serum-1-fl-oz\/","url_meta":{"origin":17466,"position":1},"title":"ALMOES SERUM 20% Vitamin C,Alpha Arbutin, Polyglutamic acid,hyaluronic acid, Vit E,Collagen,Pore-minimizing formula, Brightening Face &#038; Eye Serum 1 Fl Oz","author":"Abdelrahman Yasser","date":"July 28, 2024","format":false,"excerpt":"\u3010SKIN BRIGHTENING SERUM \u3011: 20% Vitamin C in the form of sodium ascorbyl phosphate, along with vitamin E and ferulic acid for a synergistic effect. It is easily absorbed by the skin, helping to brighten and even out skin tone. \u3010Pore-minimizing formula \u3011Niacinamide and hyaluronic acid can help to reduce\u2026","rel":"","context":"Similar post","block_context":{"text":"Similar post","link":""},"img":{"alt_text":"Revitalize your skin with the ALMOES SERUM, a potent blend of powerful ingredients designed to deliver comprehensive skincare benefits. Formulated with 20% Vitamin C, Alpha Arbutin, Polyglutamic Acid, Hyaluronic Acid, Vitamin E, and Collagen, this advanced serum works to minimize pores, brighten skin, and combat signs of aging, giving you a radiant and youthful complexion. Key Features High-Potency Vitamin C (20%) This serum is packed with a high concentration of Vitamin C, a powerful antioxidant that helps brighten the skin, reduce hyperpigmentation, and protect against environmental damage. Pore-Minimizing Alpha Arbutin Alpha Arbutin effectively reduces the appearance of pores and helps even out skin tone, giving your complexion a smoother, more refined look. Hydrating Polyglutamic Acid Known for its superior moisture-retaining abilities, Polyglutamic Acid keeps the skin hydrated and plump, enhancing overall skin texture and elasticity. Deeply Moisturizing Hyaluronic Acid Hyaluronic Acid provides intense hydration, helping to plump the skin and reduce the appearance of fine lines and wrinkles. Nourishing Vitamin E Vitamin E offers additional antioxidant protection, supporting skin repair and providing essential nourishment for a healthy glow. Collagen-Boosting Benefits Infused with Collagen, this serum helps improve skin firmness and elasticity, promoting a more youthful appearance. Brightening and Anti-Aging Formula The combination of these powerful ingredients works synergistically to brighten the skin, reduce dark spots, and diminish signs of aging, such as fine lines and wrinkles. Lightweight and Fast-Absorbing The serum\u2019s lightweight, non-greasy formula absorbs quickly, making it suitable for all skin types, including sensitive and combination skin. Ingredients Vitamin C (20%) Alpha Arbutin Polyglutamic Acid Hyaluronic Acid Vitamin E Collagen Aqua (Water) Glycerin Propylene Glycol Phenoxyethanol Ethylhexylglycerin Directions for Use Apply a few drops of the serum to cleansed and toned skin, both morning and night. Gently massage into the face and neck until fully absorbed. Follow with your favorite moisturizer or sunscreen during the day. For use around the eyes, apply carefully to avoid direct contact with the eyes.","src":"https:\/\/i0.wp.com\/egyptvitamins.com\/wp-content\/uploads\/2024\/07\/61x8pN3OcQL._SL1500_.jpg?resize=350%2C200&ssl=1","width":350,"height":200,"srcset":"https:\/\/i0.wp.com\/egyptvitamins.com\/wp-content\/uploads\/2024\/07\/61x8pN3OcQL._SL1500_.jpg?resize=350%2C200&ssl=1 1x, https:\/\/i0.wp.com\/egyptvitamins.com\/wp-content\/uploads\/2024\/07\/61x8pN3OcQL._SL1500_.jpg?resize=525%2C300&ssl=1 1.5x, https:\/\/i0.wp.com\/egyptvitamins.com\/wp-content\/uploads\/2024\/07\/61x8pN3OcQL._SL1500_.jpg?resize=700%2C400&ssl=1 2x, https:\/\/i0.wp.com\/egyptvitamins.com\/wp-content\/uploads\/2024\/07\/61x8pN3OcQL._SL1500_.jpg?resize=1050%2C600&ssl=1 3x"},"classes":[]},{"id":70465,"url":"https:\/\/egyptvitamins.com\/en\/product\/skinmedica-even-and-correct-dark-spot-cream\/","url_meta":{"origin":17466,"position":2},"title":"SkinMedica Even &#038; Correct Dark Spot Cream","author":"Ahmed Mandour","date":"February 13, 2025","format":false,"excerpt":"A targeted cream that reduces the appearance of dark spots. Helps correct uneven skin tone and hyperpigmentation. Formulated with Niacinamide to soothe and hydrate skin. Features 4-Butylresorcinol to promote a brighter complexion. Lightweight, non-greasy formula absorbs quickly into the skin. Dermatologist-tested and formulated without parabens. Ideal for all skin types\u2026","rel":"","context":"Similar post","block_context":{"text":"Similar post","link":""},"img":{"alt_text":"","src":"https:\/\/i0.wp.com\/egyptvitamins.com\/wp-content\/uploads\/2025\/02\/98303-EC-Dark-Spot-withAward.jpg?resize=350%2C200&ssl=1","width":350,"height":200,"srcset":"https:\/\/i0.wp.com\/egyptvitamins.com\/wp-content\/uploads\/2025\/02\/98303-EC-Dark-Spot-withAward.jpg?resize=350%2C200&ssl=1 1x, https:\/\/i0.wp.com\/egyptvitamins.com\/wp-content\/uploads\/2025\/02\/98303-EC-Dark-Spot-withAward.jpg?resize=525%2C300&ssl=1 1.5x, https:\/\/i0.wp.com\/egyptvitamins.com\/wp-content\/uploads\/2025\/02\/98303-EC-Dark-Spot-withAward.jpg?resize=700%2C400&ssl=1 2x, https:\/\/i0.wp.com\/egyptvitamins.com\/wp-content\/uploads\/2025\/02\/98303-EC-Dark-Spot-withAward.jpg?resize=1050%2C600&ssl=1 3x"},"classes":[]},{"id":39606,"url":"https:\/\/egyptvitamins.com\/en\/product\/hyaluronic-acid-serum-for-skin-100-pure-anti-aging-serum-intense-hydration-moisture-non-greasy-paraben-free-wrinkle-reducing-and-brightening-serum-pro-formula-2oz\/","url_meta":{"origin":17466,"position":3},"title":"Cosmedica Skincare Pure Hyaluronic Acid Serum 60 ml","author":"Ahmed Elsayed","date":"February 2, 2024","format":false,"excerpt":"Provides deep hydration for a healthy glow. Plumps the skin, reducing fine lines and wrinkles. Lightweight and non-greasy, suitable for all skin types. Supports a strong, healthy skin barrier.","rel":"","context":"Similar post","block_context":{"text":"Similar post","link":""},"img":{"alt_text":"Cosmedica Skincare Pure Hyaluronic Acid Serum 60 ml","src":"https:\/\/i0.wp.com\/egyptvitamins.com\/wp-content\/uploads\/2024\/02\/61CazCt3zfL._AC_UF10001000_QL80_FMwebp_.webp?resize=350%2C200&ssl=1","width":350,"height":200,"srcset":"https:\/\/i0.wp.com\/egyptvitamins.com\/wp-content\/uploads\/2024\/02\/61CazCt3zfL._AC_UF10001000_QL80_FMwebp_.webp?resize=350%2C200&ssl=1 1x, https:\/\/i0.wp.com\/egyptvitamins.com\/wp-content\/uploads\/2024\/02\/61CazCt3zfL._AC_UF10001000_QL80_FMwebp_.webp?resize=525%2C300&ssl=1 1.5x"},"classes":[]},{"id":71618,"url":"https:\/\/egyptvitamins.com\/en\/product\/sisley-sisleya-lintegral-anti-age-radiance-anti-dark-spot-serum-30ml-1oz\/","url_meta":{"origin":17466,"position":4},"title":"Sisley Paris Sisle\u00ffa L&#8217;Int\u00e9gral Anti-\u00c2ge Radiance Anti-Dark Spot Serum \u2013 30ml\/1oz","author":"z.abdelnasser","date":"February 22, 2025","format":false,"excerpt":"Luxury Skincare Solution \u2013 Designed to provide high-end skincare benefits. Fades Dark Spots \u2013 Helps reduce hyperpigmentation, sun spots, and age spots. Evens Skin Tone \u2013 Works to create a more uniform complexion. Restores Radiance \u2013 Boosts skin\u2019s natural glow and luminosity. Delivers Powerful Anti-Aging Benefits \u2013 Targets wrinkles, fine\u2026","rel":"","context":"Similar post","block_context":{"text":"Similar post","link":""},"img":{"alt_text":"Sisle\u00ffa L'Int\u00e9gral Anti-\u00c2ge Radiance Anti-Dark Spot Serum","src":"https:\/\/i0.wp.com\/egyptvitamins.com\/wp-content\/uploads\/2025\/02\/5122cdKiT1L._SL1500_-1.jpg?resize=350%2C200&ssl=1","width":350,"height":200,"srcset":"https:\/\/i0.wp.com\/egyptvitamins.com\/wp-content\/uploads\/2025\/02\/5122cdKiT1L._SL1500_-1.jpg?resize=350%2C200&ssl=1 1x, https:\/\/i0.wp.com\/egyptvitamins.com\/wp-content\/uploads\/2025\/02\/5122cdKiT1L._SL1500_-1.jpg?resize=525%2C300&ssl=1 1.5x, https:\/\/i0.wp.com\/egyptvitamins.com\/wp-content\/uploads\/2025\/02\/5122cdKiT1L._SL1500_-1.jpg?resize=700%2C400&ssl=1 2x, https:\/\/i0.wp.com\/egyptvitamins.com\/wp-content\/uploads\/2025\/02\/5122cdKiT1L._SL1500_-1.jpg?resize=1050%2C600&ssl=1 3x"},"classes":[]},{"id":116310,"url":"https:\/\/egyptvitamins.com\/en\/product\/rexsol-usa-cellulite-control-body-shaping-cream-supports-smoother-skin-texture\/","url_meta":{"origin":17466,"position":5},"title":"Rexsol USA Cellulite Control Body Shaping Cream | Supports Smoother Skin Texture","author":"Ahmed Eltaib","date":"March 30, 2026","format":false,"excerpt":"Helps temporarily improve the visible appearance of cellulite-prone areas. Supports smoother skin texture and surface uniformity using Glycolic Acid. Promotes the appearance of skin firmness and tighter body contours. Features a botanical complex (Horse Chestnut & Ivy) to support a refined skin surface. Topical cosmetic formula designed for easy absorption\u2026","rel":"","context":"Similar post","block_context":{"text":"Similar post","link":""},"img":{"alt_text":"","src":"https:\/\/i0.wp.com\/egyptvitamins.com\/wp-content\/uploads\/2026\/03\/Cellulite-Control-Body-Shaping-Cream1.jpg?resize=350%2C200&ssl=1","width":350,"height":200,"srcset":"https:\/\/i0.wp.com\/egyptvitamins.com\/wp-content\/uploads\/2026\/03\/Cellulite-Control-Body-Shaping-Cream1.jpg?resize=350%2C200&ssl=1 1x, https:\/\/i0.wp.com\/egyptvitamins.com\/wp-content\/uploads\/2026\/03\/Cellulite-Control-Body-Shaping-Cream1.jpg?resize=525%2C300&ssl=1 1.5x, https:\/\/i0.wp.com\/egyptvitamins.com\/wp-content\/uploads\/2026\/03\/Cellulite-Control-Body-Shaping-Cream1.jpg?resize=700%2C400&ssl=1 2x, https:\/\/i0.wp.com\/egyptvitamins.com\/wp-content\/uploads\/2026\/03\/Cellulite-Control-Body-Shaping-Cream1.jpg?resize=1050%2C600&ssl=1 3x, https:\/\/i0.wp.com\/egyptvitamins.com\/wp-content\/uploads\/2026\/03\/Cellulite-Control-Body-Shaping-Cream1.jpg?resize=1400%2C800&ssl=1 4x"},"classes":[]}],"jetpack_sharing_enabled":true,"brands":[{"id":611,"name":"ISDIN","slug":"isdin"}],"_links":{"self":[{"href":"https:\/\/egyptvitamins.com\/en\/wp-json\/wp\/v2\/product\/17466","targetHints":{"allow":["GET"]}}],"collection":[{"href":"https:\/\/egyptvitamins.com\/en\/wp-json\/wp\/v2\/product"}],"about":[{"href":"https:\/\/egyptvitamins.com\/en\/wp-json\/wp\/v2\/types\/product"}],"replies":[{"embeddable":true,"href":"https:\/\/egyptvitamins.com\/en\/wp-json\/wp\/v2\/comments?post=17466"}],"wp:featuredmedia":[{"embeddable":true,"href":"https:\/\/egyptvitamins.com\/en\/wp-json\/wp\/v2\/media\/17467"}],"wp:attachment":[{"href":"https:\/\/egyptvitamins.com\/en\/wp-json\/wp\/v2\/media?parent=17466"}],"wp:term":[{"taxonomy":"pwb-brand","embeddable":true,"href":"https:\/\/egyptvitamins.com\/en\/wp-json\/wp\/v2\/pwb-brand?post=17466"},{"taxonomy":"product_brand","embeddable":true,"href":"https:\/\/egyptvitamins.com\/en\/wp-json\/wp\/v2\/product_brand?post=17466"},{"taxonomy":"product_cat","embeddable":true,"href":"https:\/\/egyptvitamins.com\/en\/wp-json\/wp\/v2\/product_cat?post=17466"},{"taxonomy":"product_tag","embeddable":true,"href":"https:\/\/egyptvitamins.com\/en\/wp-json\/wp\/v2\/product_tag?post=17466"}],"curies":[{"name":"wp","href":"https:\/\/api.w.org\/{rel}","templated":true}]}}