{"id":42376,"date":"2024-04-24T01:27:26","date_gmt":"2024-04-23T23:27:26","guid":{"rendered":"https:\/\/egyptvitamins.com\/?post_type=product&#038;p=42376"},"modified":"2026-04-19T03:49:37","modified_gmt":"2026-04-19T01:49:37","slug":"life-extension-skin-restoring-ceramides-50-veg-capsules-vegan-phytoceramide-supplement","status":"publish","type":"product","link":"https:\/\/egyptvitamins.com\/ar\/product\/life-extension-skin-restoring-ceramides-50-veg-capsules-vegan-phytoceramide-supplement\/","title":{"rendered":"Life Extension Skin Restoring Ceramides, 50 Veg Capsules"},"content":{"rendered":"<p><span class=\"a-text-bold\">Skin Restoring Ceramide by Life Extension &#8211; 50 Liquid Veg Caps<\/span><br \/>\nHydrates and Smoothes the Appearance of Fine Lines and Wrinkles *<\/p>\n<p>Main ingredient: 350mg of Ceratiq Wheat ( Triticum vulgare ) which provides glycolipids, phytoceramides, and glycosylceramides in rice bran oil.<\/p>\n<p><span class=\"a-text-bold\">LE&#8217;s Skin Restoring Ceramides Benefits<\/span><br \/>\n&#x2714; Promotes healthy skin hydration &amp; comfort<br \/>\n&#x2714; Smooths the appearance of fine lines &amp; wrinkles<br \/>\n&#x2714; Encourages healthy ceramide levels in aging skin<br \/>\n&#x2714; Vegan, Vegetarian, Non GMO<\/p>\n<p><span class=\"a-text-bold\">Why are ceramides important?<\/span><br \/>\nThe ceramides naturally present in our skin help retain moisture to give it that young, supple appearance. LEF Skin Restoring Ceramides is a convenient oral supplement that smooths the appearance of wrinkles, hydrating and revitalizing your skin from within.<\/p>\n<p><span class=\"a-text-bold\">Healthier Skin from the Inside Out<\/span><br \/>\nClinical studies show significant improvement in skin hydration and the appearance of fine lines and wrinkles in people who supplement with oral ceramides. These epidermal fats help lock moisture into your skin for a youthful, healthy appearance.<\/p>\n<p><span class=\"a-text-bold\">Smoother, healthier-looking skin<\/span><br \/>\nIn a double-blind, placebo-controlled trial, healthy women took 350 mg of ceramide extract once a day for 12 weeks. At the end of the study, these women experienced a smoothing of wrinkles, improved skin hydration and objectively smoother, healthier-looking skin. And many subjects reported healthy-looking skin eight weeks after the study\u2019s end, demonstrating a lasting benefit from ceramide supplementation.<br \/>\nAlso available in 30 count.<br \/>\nAdd to your cart today because you deserve to look your best.<br \/>\n<span class=\"a-text-bold\">Why Choose LifeExtension?<\/span><br \/>\n&#x2714; Around for 40 years<br \/>\n&#x2714; Manufactured in the USA<br \/>\n&#x2714; NSF GMP registered<\/p>\n","protected":false},"excerpt":{"rendered":"<ul class=\"a-unordered-list a-vertical a-spacing-mini\">\n<li class=\"a-spacing-mini\"><span class=\"a-list-item\">LifeExtension Skin Restore Ceramide &#8211; 50 Liquid Capsules. Please note: this new formula replaces the old version Skin Restoring Phytoceramides with Lipowheat.<\/span><\/li>\n<li class=\"a-spacing-mini\"><span class=\"a-list-item\">GET TO THE CAUSE OF FINE LINES: Creams only do so much. These easy-to-swallow pills contain 350 mg of Ceratiq Wheat which provides glyco lipids, phyto ceramides, and glycosyl-ceramides to moisture your cells from the inside out.<\/span><\/li>\n<li class=\"a-spacing-mini\"><span class=\"a-list-item\">BENEFITS: Hydrates and Smoothes the Appearance of Fine Lines and Wrinkles *. Vegan, Vegetarian, NonGMO.<\/span><\/li>\n<li class=\"a-spacing-mini\"><span class=\"a-list-item\">SUGGESTED USE: 1 capsule per day with food.<\/span><\/li>\n<li class=\"a-spacing-mini\"><span class=\"a-list-item\">DISCOVER this beauty secret for yourself. Add to your cart today because you deserve to look your best.<\/span><\/li>\n<\/ul>\n","protected":false},"featured_media":42382,"comment_status":"open","ping_status":"closed","template":"","meta":{"site-sidebar-layout":"default","site-content-layout":"","ast-site-content-layout":"default","site-content-style":"default","site-sidebar-style":"default","ast-global-header-display":"","ast-banner-title-visibility":"","ast-main-header-display":"","ast-hfb-above-header-display":"","ast-hfb-below-header-display":"","ast-hfb-mobile-header-display":"","site-post-title":"","ast-breadcrumbs-content":"","ast-featured-img":"","footer-sml-layout":"","ast-disable-related-posts":"","theme-transparent-header-meta":"default","adv-header-id-meta":"","stick-header-meta":"","header-above-stick-meta":"","header-main-stick-meta":"","header-below-stick-meta":"","astra-migrate-meta-layouts":"set","ast-page-background-enabled":"default","ast-page-background-meta":{"desktop":{"background-color":"var(--ast-global-color-4)","background-image":"","background-repeat":"repeat","background-position":"center center","background-size":"auto","background-attachment":"scroll","background-type":"","background-media":"","overlay-type":"","overlay-color":"","overlay-opacity":"","overlay-gradient":""},"tablet":{"background-color":"","background-image":"","background-repeat":"repeat","background-position":"center center","background-size":"auto","background-attachment":"scroll","background-type":"","background-media":"","overlay-type":"","overlay-color":"","overlay-opacity":"","overlay-gradient":""},"mobile":{"background-color":"","background-image":"","background-repeat":"repeat","background-position":"center center","background-size":"auto","background-attachment":"scroll","background-type":"","background-media":"","overlay-type":"","overlay-color":"","overlay-opacity":"","overlay-gradient":""}},"ast-content-background-meta":{"desktop":{"background-color":"var(--ast-global-color-5)","background-image":"","background-repeat":"repeat","background-position":"center center","background-size":"auto","background-attachment":"scroll","background-type":"","background-media":"","overlay-type":"","overlay-color":"","overlay-opacity":"","overlay-gradient":""},"tablet":{"background-color":"var(--ast-global-color-5)","background-image":"","background-repeat":"repeat","background-position":"center center","background-size":"auto","background-attachment":"scroll","background-type":"","background-media":"","overlay-type":"","overlay-color":"","overlay-opacity":"","overlay-gradient":""},"mobile":{"background-color":"var(--ast-global-color-5)","background-image":"","background-repeat":"repeat","background-position":"center center","background-size":"auto","background-attachment":"scroll","background-type":"","background-media":"","overlay-type":"","overlay-color":"","overlay-opacity":"","overlay-gradient":""}},"jetpack_post_was_ever_published":false,"jetpack_publicize_message":"","jetpack_publicize_feature_enabled":true,"jetpack_social_post_already_shared":true,"jetpack_social_options":{"image_generator_settings":{"template":"highway","default_image_id":0,"font":"","enabled":false},"version":2}},"pwb-brand":[221],"product_brand":[],"product_cat":[65],"product_tag":[1093,1092,1058],"class_list":{"0":"post-42376","1":"product","2":"type-product","3":"status-publish","4":"has-post-thumbnail","6":"pwb-brand-life-extension","7":"product_cat-beauty-hair-skin-nails","8":"product_tag-promotes-hydration","9":"product_tag-skin-restoring","10":"product_tag-vitamins","11":"desktop-align-left","12":"tablet-align-left","13":"mobile-align-center","14":"ast-product-gallery-layout-horizontal-slider","15":"ast-product-tabs-layout-horizontal","16":"ast-qv-on-image","18":"first","19":"outofstock","20":"shipping-taxable","21":"purchasable","22":"product-type-simple"},"supplier_id":null,"supplier_sku":"","barcode":null,"atum_controlled":true,"out_stock_date":"2026-04-01 02:07:00","out_stock_threshold":null,"inheritable":false,"inbound_stock":0,"stock_on_hold":0,"sold_today":0,"sales_last_days":0,"out_stock_days":630,"lost_sales":0,"has_location":false,"update_date":"2026-04-19T01:51:25","atum_locations":[],"atum_stock_status":"outofstock","restock_status":false,"low_stock_amount":"","sales_update_date":"2026-01-29T00:57:50","calc_backorders":null,"mi_inventories":[3063],"multi_inventory":"global","inventory_sorting_mode":"global","inventory_iteration":"global","expirable_inventories":"global","price_per_inventory":"global","show_write_off_inventories":"global","selectable_inventories":"global","selectable_inventories_mode":"global","jetpack_publicize_connections":[],"jetpack-related-posts":[{"id":71702,"url":"https:\/\/egyptvitamins.com\/en\/product\/elizabeth-arden-advanced-ceramide-face-serum-capsules\/","url_meta":{"origin":42376,"position":0},"title":"Elizabeth Arden Advanced Ceramide Face Serum | 60 Capsules","author":"omarabouetmano","date":"23 \u0641\u0628\u0631\u0627\u064a\u0631\u060c 2025","format":false,"excerpt":"The iconic, award-winning daily youth restoring serum. Supports the skin's natural moisture barrier to lock in hydration. Visibly reduces the appearance of fine lines and wrinkles. Supports natural collagen for a firmer, more resilient look.","rel":"","context":"\u062a\u062f\u0648\u064a\u0646\u0629 \u0645\u0634\u0627\u0628\u0647\u0629","block_context":{"text":"\u062a\u062f\u0648\u064a\u0646\u0629 \u0645\u0634\u0627\u0628\u0647\u0629","link":""},"img":{"alt_text":"","src":"https:\/\/i0.wp.com\/egyptvitamins.com\/wp-content\/uploads\/2025\/02\/71kbXOJoB6L._SL1500_.jpg?resize=350%2C200&ssl=1","width":350,"height":200,"srcset":"https:\/\/i0.wp.com\/egyptvitamins.com\/wp-content\/uploads\/2025\/02\/71kbXOJoB6L._SL1500_.jpg?resize=350%2C200&ssl=1 1x, https:\/\/i0.wp.com\/egyptvitamins.com\/wp-content\/uploads\/2025\/02\/71kbXOJoB6L._SL1500_.jpg?resize=525%2C300&ssl=1 1.5x, https:\/\/i0.wp.com\/egyptvitamins.com\/wp-content\/uploads\/2025\/02\/71kbXOJoB6L._SL1500_.jpg?resize=700%2C400&ssl=1 2x, https:\/\/i0.wp.com\/egyptvitamins.com\/wp-content\/uploads\/2025\/02\/71kbXOJoB6L._SL1500_.jpg?resize=1050%2C600&ssl=1 3x, https:\/\/i0.wp.com\/egyptvitamins.com\/wp-content\/uploads\/2025\/02\/71kbXOJoB6L._SL1500_.jpg?resize=1400%2C800&ssl=1 4x"},"classes":[]},{"id":20832,"url":"https:\/\/egyptvitamins.com\/ar\/product\/nusapure-phytoceramides-complex-700mg-200-veggie-capsules-non-gmo-powerful-skin-repair-rejuvenation-all-natural-plant-derived-anti-aging-powerhouse-for-reduced-fine-lines-wrinkles\/","url_meta":{"origin":42376,"position":1},"title":"Nusapure Phytoceramides Complex 700mg 200 Veggie Capsules (Non-GMO) Powerful Skin Repair &amp; Rejuvenation &#8211; All Natural Plant Derived Anti-Aging Powerhouse for Reduced Fine Lines &amp; Wrinkles","author":"Egypt","date":"9 \u064a\u0646\u0627\u064a\u0631\u060c 2022","format":false,"excerpt":"Each serving contains 700 mg of our Phytoceramide Complex. Serving size is 2 veg capsules (350 mg per capsule). Max Supply (200 Capsules Per Bottle & 100 Day Supply). 100% Vegetarian & Non-GMO Maximum strength Phytoceramides contains 700mg of pure Phytoceramides: Apple, Fiber, Sweet Potatoes powder, Wheat Germ powder, Avena\u2026","rel":"","context":"\u062a\u062f\u0648\u064a\u0646\u0629 \u0645\u0634\u0627\u0628\u0647\u0629","block_context":{"text":"\u062a\u062f\u0648\u064a\u0646\u0629 \u0645\u0634\u0627\u0628\u0647\u0629","link":""},"img":{"alt_text":"","src":"https:\/\/i0.wp.com\/egyptvitamins.com\/wp-content\/uploads\/2023\/03\/61WBx-1oWlL._AC_SL1500_.jpg?resize=350%2C200&ssl=1","width":350,"height":200,"srcset":"https:\/\/i0.wp.com\/egyptvitamins.com\/wp-content\/uploads\/2023\/03\/61WBx-1oWlL._AC_SL1500_.jpg?resize=350%2C200&ssl=1 1x, https:\/\/i0.wp.com\/egyptvitamins.com\/wp-content\/uploads\/2023\/03\/61WBx-1oWlL._AC_SL1500_.jpg?resize=525%2C300&ssl=1 1.5x, https:\/\/i0.wp.com\/egyptvitamins.com\/wp-content\/uploads\/2023\/03\/61WBx-1oWlL._AC_SL1500_.jpg?resize=700%2C400&ssl=1 2x"},"classes":[]},{"id":71679,"url":"https:\/\/egyptvitamins.com\/en\/product\/tata-harper-elixir-vitae-anti-wrinkle-eye-serum\/","url_meta":{"origin":42376,"position":2},"title":"Tata Harper Elixir Vitae Eye Serum | 0.5 fl oz \/ 15 ml","author":"z.abdelnasser","date":"23 \u0641\u0628\u0631\u0627\u064a\u0631\u060c 2025","format":false,"excerpt":"A hyper-potent serum targeting severe wrinkles and under-eye bags. Packed with 63+ high-performance, 100% natural ingredients. Features Quadruple Neuropeptide Technology to smooth expression lines. Helps to depuff, hydrate, and brighten the entire eye contour.","rel":"","context":"\u062a\u062f\u0648\u064a\u0646\u0629 \u0645\u0634\u0627\u0628\u0647\u0629","block_context":{"text":"\u062a\u062f\u0648\u064a\u0646\u0629 \u0645\u0634\u0627\u0628\u0647\u0629","link":""},"img":{"alt_text":"Tata Harper Elixir Vitae Eye Serum \u2013 0.5 fl oz \/ 15 ml","src":"https:\/\/i0.wp.com\/egyptvitamins.com\/wp-content\/uploads\/2025\/02\/5144qSt1L._SL1500_.jpg?resize=350%2C200&ssl=1","width":350,"height":200,"srcset":"https:\/\/i0.wp.com\/egyptvitamins.com\/wp-content\/uploads\/2025\/02\/5144qSt1L._SL1500_.jpg?resize=350%2C200&ssl=1 1x, https:\/\/i0.wp.com\/egyptvitamins.com\/wp-content\/uploads\/2025\/02\/5144qSt1L._SL1500_.jpg?resize=525%2C300&ssl=1 1.5x, https:\/\/i0.wp.com\/egyptvitamins.com\/wp-content\/uploads\/2025\/02\/5144qSt1L._SL1500_.jpg?resize=700%2C400&ssl=1 2x, https:\/\/i0.wp.com\/egyptvitamins.com\/wp-content\/uploads\/2025\/02\/5144qSt1L._SL1500_.jpg?resize=1050%2C600&ssl=1 3x, https:\/\/i0.wp.com\/egyptvitamins.com\/wp-content\/uploads\/2025\/02\/5144qSt1L._SL1500_.jpg?resize=1400%2C800&ssl=1 4x"},"classes":[]},{"id":71627,"url":"https:\/\/egyptvitamins.com\/ar\/product\/sisley-supremya-night-eye-cream\/","url_meta":{"origin":42376,"position":3},"title":"Sisley Paris Suprem\u00ffa At Night The Supreme Anti-Aging Eye Cream","author":"z.abdelnasser","date":"22 \u0641\u0628\u0631\u0627\u064a\u0631\u060c 2025","format":false,"excerpt":"Luxury Skincare Solution \u2013 Designed to provide high-end skincare benefits. Fades Dark Spots \u2013 Helps reduce hyperpigmentation, sun spots, and age spots. Evens Skin Tone \u2013 Works to create a more uniform complexion. Restores Radiance \u2013 Boosts skin\u2019s natural glow and luminosity. Delivers Powerful Anti-Aging Benefits \u2013 Targets wrinkles, fine\u2026","rel":"","context":"\u062a\u062f\u0648\u064a\u0646\u0629 \u0645\u0634\u0627\u0628\u0647\u0629","block_context":{"text":"\u062a\u062f\u0648\u064a\u0646\u0629 \u0645\u0634\u0627\u0628\u0647\u0629","link":""},"img":{"alt_text":"Suprem\u00ffa At Night The Supreme Anti-Aging Eye Cream","src":"https:\/\/i0.wp.com\/egyptvitamins.com\/wp-content\/uploads\/2025\/02\/154080_01.jpg?resize=350%2C200&ssl=1","width":350,"height":200,"srcset":"https:\/\/i0.wp.com\/egyptvitamins.com\/wp-content\/uploads\/2025\/02\/154080_01.jpg?resize=350%2C200&ssl=1 1x, https:\/\/i0.wp.com\/egyptvitamins.com\/wp-content\/uploads\/2025\/02\/154080_01.jpg?resize=525%2C300&ssl=1 1.5x, https:\/\/i0.wp.com\/egyptvitamins.com\/wp-content\/uploads\/2025\/02\/154080_01.jpg?resize=700%2C400&ssl=1 2x"},"classes":[]},{"id":71668,"url":"https:\/\/egyptvitamins.com\/ar\/product\/augustinus-bader-the-rich-cream-luxury-anti-aging-deep-hydration-moisturizer-50ml-1-7-fl-oz\/","url_meta":{"origin":42376,"position":4},"title":"Augustinus Bader The Rich Cream | Luxury Anti-Aging &#038; Deep Hydration Moisturizer 50ml \/ 1.7 fl. oz.","author":"z.abdelnasser","date":"23 \u0641\u0628\u0631\u0627\u064a\u0631\u060c 2025","format":false,"excerpt":"Intensely Hydrates \u2013 Delivers deep, long-lasting moisture. Reduces Wrinkles \u2013 Smooths fine lines for a youthful look. Boosts Skin Renewal \u2013 Powered by TFC8\u00ae technology. Strengthens Skin Barrier \u2013 Locks in hydration and nutrients. Rich, Nourishing Texture \u2013 Ideal for dry and mature skin. Fragrance-Free & Clean \u2013 Suitable for\u2026","rel":"","context":"\u062a\u062f\u0648\u064a\u0646\u0629 \u0645\u0634\u0627\u0628\u0647\u0629","block_context":{"text":"\u062a\u062f\u0648\u064a\u0646\u0629 \u0645\u0634\u0627\u0628\u0647\u0629","link":""},"img":{"alt_text":"Augustinus Bader The Rich Cream | Luxury Anti-Aging & Deep Hydration Moisturizer","src":"https:\/\/i0.wp.com\/egyptvitamins.com\/wp-content\/uploads\/2025\/02\/71sKYQLXQOL._SL1500_.jpg?resize=350%2C200&ssl=1","width":350,"height":200,"srcset":"https:\/\/i0.wp.com\/egyptvitamins.com\/wp-content\/uploads\/2025\/02\/71sKYQLXQOL._SL1500_.jpg?resize=350%2C200&ssl=1 1x, https:\/\/i0.wp.com\/egyptvitamins.com\/wp-content\/uploads\/2025\/02\/71sKYQLXQOL._SL1500_.jpg?resize=525%2C300&ssl=1 1.5x, https:\/\/i0.wp.com\/egyptvitamins.com\/wp-content\/uploads\/2025\/02\/71sKYQLXQOL._SL1500_.jpg?resize=700%2C400&ssl=1 2x, https:\/\/i0.wp.com\/egyptvitamins.com\/wp-content\/uploads\/2025\/02\/71sKYQLXQOL._SL1500_.jpg?resize=1050%2C600&ssl=1 3x, https:\/\/i0.wp.com\/egyptvitamins.com\/wp-content\/uploads\/2025\/02\/71sKYQLXQOL._SL1500_.jpg?resize=1400%2C800&ssl=1 4x"},"classes":[]},{"id":71618,"url":"https:\/\/egyptvitamins.com\/ar\/product\/sisley-sisleya-lintegral-anti-age-radiance-anti-dark-spot-serum-30ml-1oz\/","url_meta":{"origin":42376,"position":5},"title":"Sisley Paris Sisle\u00ffa L&#8217;Int\u00e9gral Anti-\u00c2ge Radiance Anti-Dark Spot Serum \u2013 30ml\/1oz","author":"z.abdelnasser","date":"22 \u0641\u0628\u0631\u0627\u064a\u0631\u060c 2025","format":false,"excerpt":"Luxury Skincare Solution \u2013 Designed to provide high-end skincare benefits. Fades Dark Spots \u2013 Helps reduce hyperpigmentation, sun spots, and age spots. Evens Skin Tone \u2013 Works to create a more uniform complexion. Restores Radiance \u2013 Boosts skin\u2019s natural glow and luminosity. Delivers Powerful Anti-Aging Benefits \u2013 Targets wrinkles, fine\u2026","rel":"","context":"\u062a\u062f\u0648\u064a\u0646\u0629 \u0645\u0634\u0627\u0628\u0647\u0629","block_context":{"text":"\u062a\u062f\u0648\u064a\u0646\u0629 \u0645\u0634\u0627\u0628\u0647\u0629","link":""},"img":{"alt_text":"Sisle\u00ffa L'Int\u00e9gral Anti-\u00c2ge Radiance Anti-Dark Spot Serum","src":"https:\/\/i0.wp.com\/egyptvitamins.com\/wp-content\/uploads\/2025\/02\/5122cdKiT1L._SL1500_-1.jpg?resize=350%2C200&ssl=1","width":350,"height":200,"srcset":"https:\/\/i0.wp.com\/egyptvitamins.com\/wp-content\/uploads\/2025\/02\/5122cdKiT1L._SL1500_-1.jpg?resize=350%2C200&ssl=1 1x, https:\/\/i0.wp.com\/egyptvitamins.com\/wp-content\/uploads\/2025\/02\/5122cdKiT1L._SL1500_-1.jpg?resize=525%2C300&ssl=1 1.5x, https:\/\/i0.wp.com\/egyptvitamins.com\/wp-content\/uploads\/2025\/02\/5122cdKiT1L._SL1500_-1.jpg?resize=700%2C400&ssl=1 2x, https:\/\/i0.wp.com\/egyptvitamins.com\/wp-content\/uploads\/2025\/02\/5122cdKiT1L._SL1500_-1.jpg?resize=1050%2C600&ssl=1 3x"},"classes":[]}],"jetpack_sharing_enabled":true,"brands":[{"id":221,"name":"Life Extension","slug":"life-extension"}],"_links":{"self":[{"href":"https:\/\/egyptvitamins.com\/ar\/wp-json\/wp\/v2\/product\/42376","targetHints":{"allow":["GET"]}}],"collection":[{"href":"https:\/\/egyptvitamins.com\/ar\/wp-json\/wp\/v2\/product"}],"about":[{"href":"https:\/\/egyptvitamins.com\/ar\/wp-json\/wp\/v2\/types\/product"}],"replies":[{"embeddable":true,"href":"https:\/\/egyptvitamins.com\/ar\/wp-json\/wp\/v2\/comments?post=42376"}],"wp:featuredmedia":[{"embeddable":true,"href":"https:\/\/egyptvitamins.com\/ar\/wp-json\/wp\/v2\/media\/42382"}],"wp:attachment":[{"href":"https:\/\/egyptvitamins.com\/ar\/wp-json\/wp\/v2\/media?parent=42376"}],"wp:term":[{"taxonomy":"pwb-brand","embeddable":true,"href":"https:\/\/egyptvitamins.com\/ar\/wp-json\/wp\/v2\/pwb-brand?post=42376"},{"taxonomy":"product_brand","embeddable":true,"href":"https:\/\/egyptvitamins.com\/ar\/wp-json\/wp\/v2\/product_brand?post=42376"},{"taxonomy":"product_cat","embeddable":true,"href":"https:\/\/egyptvitamins.com\/ar\/wp-json\/wp\/v2\/product_cat?post=42376"},{"taxonomy":"product_tag","embeddable":true,"href":"https:\/\/egyptvitamins.com\/ar\/wp-json\/wp\/v2\/product_tag?post=42376"}],"curies":[{"name":"wp","href":"https:\/\/api.w.org\/{rel}","templated":true}]}}