{"id":19360,"date":"2021-11-13T16:25:15","date_gmt":"2021-11-13T13:25:15","guid":{"rendered":"https:\/\/egyptvitamins.com\/?post_type=product&#038;p=19360"},"modified":"2026-04-22T02:17:16","modified_gmt":"2026-04-22T00:17:16","slug":"weightworld-5htp-tablets-365-tablets-500mg-griffonia-simplicifolia-extract-5-htp-tested-ingredients-vegan-griffonia-seed-extract-annual-supply","status":"publish","type":"product","link":"https:\/\/egyptvitamins.com\/ar\/product\/weightworld-5htp-tablets-365-tablets-500mg-griffonia-simplicifolia-extract-5-htp-tested-ingredients-vegan-griffonia-seed-extract-annual-supply\/","title":{"rendered":"WeightWorld 5HTP Tablets &#8211; 365 Tablets &#8211; 490mg Griffonia Simplicifolia Extract 5-HTP &#8211; Tested Ingredients &amp; Vegan &#8211; Griffonia Seed Extract &#8211; Annual Supply"},"content":{"rendered":"<div id=\"importantInformation_feature_div\" class=\"celwidget\" data-feature-name=\"importantInformation\" data-csa-c-id=\"tnhwq7-1en7uo-hc5bc3-4f1vfu\" data-cel-widget=\"importantInformation_feature_div\">\n<div id=\"important-information\" class=\"a-section a-spacing-extra-large bucket\">\n<div class=\"a-section content\">\n<h4>Safety Information:<\/h4>\n<p>&nbsp;<\/p>\n<p>Warning: Not recommended for people who take antidepressants.<\/p>\n<p>&nbsp;<\/p>\n<\/div>\n<div class=\"a-section content\">\n<h4>Indications:<\/h4>\n<p>&nbsp;<\/p>\n<p>Store in a cool, dry place. Keep out of reach of children.<\/p>\n<p>&nbsp;<\/p>\n<\/div>\n<div class=\"a-section content\">\n<h4>Ingredients:<\/h4>\n<p>&nbsp;<\/p>\n<p>5HTP (Griffonia Simplicifolia Samen Extrakt), Natrium Carboxymethyl St\u00e4rke, Magnesiumstearat, Mikrokristalline Zellulose, Hydroxypropylmethylcellulose<\/p>\n<p>&nbsp;<\/p>\n<\/div>\n<div class=\"a-section content\">\n<h4>Directions:<\/h4>\n<p>&nbsp;<\/p>\n<p>Take 1 tablet daily with a meal and with a glass of water.<\/p>\n<p>&nbsp;<\/p>\n<\/div>\n<div class=\"a-section content\">\n<h4>Legal Disclaimer<\/h4>\n<p>&nbsp;<\/p>\n<p>Bitte \u00fcberpr\u00fcfen Sie die Verpackungsr\u00fcckseite und die Packungsbeilage des Produkts f\u00fcr weitere Informationen. \u00dcberpr\u00fcfen Sie bei einer Nahrungserg\u00e4nzung immer die vollst\u00e4ndige Liste der Inhaltsstoffe, um Allergien zu vermeiden. Bei Ger\u00e4ten sollten Sie vor der Anwendung alle verwendeten Komponenten und Materialien auf Sch\u00e4den \u00fcberpr\u00fcfen. Dieses Produkt ist nicht f\u00fcr Personen unter 18 Jahren geeignet.<\/p>\n<p>&nbsp;<\/p>\n<\/div>\n<\/div>\n<\/div>\n<div id=\"productDescription_feature_div\" class=\"celwidget\" data-feature-name=\"productDescription\" data-csa-c-id=\"fh10j7-lqqhw2-wnsbh5-s9fl1f\" data-cel-widget=\"productDescription_feature_div\">\n<div><\/div>\n<\/div>\n<div id=\"aplusBrandStory_feature_div\" class=\"celwidget\" data-feature-name=\"aplusBrandStory\" data-csa-c-id=\"5w9xx3-egolme-984tfl-ta5zwn\" data-cel-widget=\"aplusBrandStory_feature_div\"><\/div>\n<div id=\"aplus_feature_div\" class=\"celwidget\" data-feature-name=\"aplus\" data-csa-c-id=\"mvfk1i-jk6324-tdh5vh-d6rnk0\" data-cel-widget=\"aplus_feature_div\"><\/div>\n<div id=\"aplus3p_feature_div\" class=\"celwidget\" data-feature-name=\"aplus3p\" data-csa-c-id=\"pirflw-gfk0wu-20riz5-mnqtk3\" data-cel-widget=\"aplus3p_feature_div\"><\/div>\n<div id=\"aplusSustainabilityStory_feature_div\" class=\"celwidget\" data-feature-name=\"aplusSustainabilityStory\" data-csa-c-id=\"8o63ji-dpj08w-l7r7ss-q29rjx\" data-cel-widget=\"aplusSustainabilityStory_feature_div\"><\/div>\n<div id=\"legal_feature_div\" class=\"celwidget\" data-feature-name=\"legal\" data-csa-c-id=\"rq1c0s-pnvj24-s1hy9g-3wmbgy\" data-cel-widget=\"legal_feature_div\"><\/div>\n<div id=\"productDetails_feature_div\" class=\"celwidget\" data-feature-name=\"productDetails\" data-csa-c-id=\"3iml9u-6ybvw9-cvn88p-83doef\" data-cel-widget=\"productDetails_feature_div\"><a id=\"productDetails\" name=\"productDetails\"><\/a><\/div>\n","protected":false},"excerpt":{"rendered":"<ul class=\"a-unordered-list a-vertical a-spacing-mini\">\n<li><span class=\"a-list-item\">Value for money \u2013 Our 5 Hydroxytryptophan tablets have 500 mg of pure Griffonia extract per tablet. So one pack is enough for 1 whole year. WeightWorld also offers the usual quality according to European and German standards.<\/span><\/li>\n<li><span class=\"a-list-item\">Natural ingredients \u2013 Our Griffonia seed extract is gently and sustainably extracted from the African black bean. The tablets are small, easy to swallow and can therefore be easily integrated into everyday life. They are equally suitable for men and women.<\/span><\/li>\n<li><span class=\"a-list-item\">Made with experts &#8211; the tablets are free from lactose, gluten and free from genetic engineering and animal testing. If you have any further questions about the health benefits of 5-HTP, we would like to ask you for your own research. Due to guidelines, we do not explain the effect at this point.<\/span><\/li>\n<li><span class=\"a-list-item\">No additives and vegan: the Griffonia tablets are made from pure natural ingredients. They do not contain preservatives, dyes or sweeteners. They are free from additives and thus offer the ideal dietary supplement for a healthy diet. They are also suitable for vegetarians and vegans.<\/span><\/li>\n<li><span class=\"a-list-item\">Quality and premium raw materials \u2013 our 5 HTP tablets are manufactured under high quality standards and in accordance with GMP regulations. Through continuous inspections, we want to offer you our product quality. If you need help or advice, please feel free to contact us.<\/span><\/li>\n<\/ul>\n","protected":false},"featured_media":33095,"comment_status":"open","ping_status":"closed","template":"","meta":{"site-sidebar-layout":"default","site-content-layout":"default","ast-site-content-layout":"default","site-content-style":"default","site-sidebar-style":"default","ast-global-header-display":"","ast-banner-title-visibility":"","ast-main-header-display":"","ast-hfb-above-header-display":"","ast-hfb-below-header-display":"","ast-hfb-mobile-header-display":"","site-post-title":"","ast-breadcrumbs-content":"","ast-featured-img":"","footer-sml-layout":"","ast-disable-related-posts":"","theme-transparent-header-meta":"default","adv-header-id-meta":"","stick-header-meta":"","header-above-stick-meta":"","header-main-stick-meta":"","header-below-stick-meta":"","astra-migrate-meta-layouts":"default","ast-page-background-enabled":"default","ast-page-background-meta":{"desktop":{"background-color":"var(--ast-global-color-4)","background-image":"","background-repeat":"repeat","background-position":"center center","background-size":"auto","background-attachment":"scroll","background-type":"","background-media":"","overlay-type":"","overlay-color":"","overlay-opacity":"","overlay-gradient":""},"tablet":{"background-color":"","background-image":"","background-repeat":"repeat","background-position":"center center","background-size":"auto","background-attachment":"scroll","background-type":"","background-media":"","overlay-type":"","overlay-color":"","overlay-opacity":"","overlay-gradient":""},"mobile":{"background-color":"","background-image":"","background-repeat":"repeat","background-position":"center center","background-size":"auto","background-attachment":"scroll","background-type":"","background-media":"","overlay-type":"","overlay-color":"","overlay-opacity":"","overlay-gradient":""}},"ast-content-background-meta":{"desktop":{"background-color":"var(--ast-global-color-5)","background-image":"","background-repeat":"repeat","background-position":"center center","background-size":"auto","background-attachment":"scroll","background-type":"","background-media":"","overlay-type":"","overlay-color":"","overlay-opacity":"","overlay-gradient":""},"tablet":{"background-color":"var(--ast-global-color-5)","background-image":"","background-repeat":"repeat","background-position":"center center","background-size":"auto","background-attachment":"scroll","background-type":"","background-media":"","overlay-type":"","overlay-color":"","overlay-opacity":"","overlay-gradient":""},"mobile":{"background-color":"var(--ast-global-color-5)","background-image":"","background-repeat":"repeat","background-position":"center center","background-size":"auto","background-attachment":"scroll","background-type":"","background-media":"","overlay-type":"","overlay-color":"","overlay-opacity":"","overlay-gradient":""}},"jetpack_post_was_ever_published":false,"jetpack_publicize_message":"","jetpack_publicize_feature_enabled":true,"jetpack_social_post_already_shared":false,"jetpack_social_options":{"image_generator_settings":{"template":"highway","default_image_id":0,"font":"","enabled":false},"version":2}},"pwb-brand":[429],"product_brand":[],"product_cat":[119],"product_tag":[43,479],"class_list":{"0":"post-19360","1":"product","2":"type-product","3":"status-publish","4":"has-post-thumbnail","6":"pwb-brand-weightworld","7":"product_cat-brain-cognitive-health","8":"product_tag-natural","9":"product_tag-vegan","10":"pa_age-gender-female-teens","11":"pa_age-gender-male-teens","12":"pa_age-gender-men","13":"pa_age-gender-men-50","14":"pa_age-gender-men-70","15":"pa_age-gender-women","16":"pa_age-gender-women-50","17":"pa_age-gender-women-70","18":"pa_conc-490mg","19":"pa_imported-from-united-kingdom","20":"pa_servings-301","21":"pa_size-99","22":"pa_unit-tablets","23":"desktop-align-left","24":"tablet-align-left","25":"mobile-align-center","26":"ast-product-gallery-layout-horizontal-slider","27":"ast-product-tabs-layout-horizontal","28":"ast-qv-on-image","30":"first","31":"outofstock","32":"shipping-taxable","33":"purchasable","34":"product-type-simple"},"supplier_id":null,"supplier_sku":"","barcode":null,"atum_controlled":true,"out_stock_date":"2026-04-03 02:08:13","out_stock_threshold":null,"inheritable":false,"inbound_stock":0,"stock_on_hold":0,"sold_today":0,"sales_last_days":0,"out_stock_days":10,"lost_sales":0,"has_location":false,"update_date":"2026-04-22T00:22:04","atum_locations":[],"atum_stock_status":"outofstock","restock_status":false,"low_stock_amount":"","sales_update_date":"2026-04-13T19:28:48","calc_backorders":null,"mi_inventories":[460],"multi_inventory":"global","inventory_sorting_mode":"global","inventory_iteration":"global","expirable_inventories":"global","price_per_inventory":"global","show_write_off_inventories":"global","selectable_inventories":"global","selectable_inventories_mode":"global","jetpack_publicize_connections":[],"jetpack-related-posts":[{"id":7875,"url":"https:\/\/egyptvitamins.com\/ar\/product\/bio-atlantic-nettle-leaf-organic-200-tablets-400mg\/","url_meta":{"origin":19360,"position":0},"title":"Bio Atlantic Nettle Leaf Organic &#8211; 200 tablets &#8211; 400mg \u0645\u0633\u062d\u0648\u0642 \u0646\u0628\u0627\u062a \u0623\u0648\u0631\u0627\u0642 \u0627\u0644\u0642\u0631\u0627\u0635 \u0627\u0644\u0639\u0636\u0648\u064a\u0629 400 \u0645\u062c\u0645\u060c 200 \u062d\u0628\u0627\u064a\u0629 \u0646\u0628\u0627\u062a\u064a\u0629\u060c \u0645\u062d\u0627\u0631\u0628 \u0644\u0644\u0634\u064a\u062e\u0648\u062e\u0647 \u0648\u062a\u062c\u0627\u0639\u064a\u062f \u0648\u064a\u062c\u062f\u062f \u0627\u0644\u0634\u0628\u0627\u0628","author":"Egypt","date":"16 \u062f\u064a\u0633\u0645\u0628\u0631\u060c 2020","format":false,"excerpt":"\u0623\u0648\u0631\u0627\u0642 \u0646\u0628\u0627\u062a \u0627\u0644\u0642\u0631\u0627\u0635 \u0627\u0644\u0639\u0636\u0648\u064a\u0629 \u0627\u0644\u0637\u0628\u064a\u0639\u064a\u0629 100% \u0648\u062d\u0627\u0635\u0644\u0647 \u0639\u0644\u0649 \u0627\u0644\u0639\u062f\u064a\u062f \u0645\u0646 \u0634\u0647\u0627\u062f\u0627\u062a \u0627\u0644\u062c\u0648\u062f\u0629 \u0627\u0644\u0639\u0627\u0644\u0645\u064a\u0629 \u064a\u062d\u062a\u0648\u064a \u0646\u0628\u0627\u062a \u0627\u0644\u0642\u0631\u0627\u0635 \u0639\u0644\u0649 \u0627\u0644\u0639\u062f\u064a\u062f \u0645\u0646 \u0627\u0644\u0641\u064a\u062a\u0627\u0645\u064a\u0646\u0627\u062a \u0648\u0627\u0644\u0645\u0639\u0627\u062f\u0646 \u0648\u0627\u0644\u0623\u062d\u0645\u0627\u0636 \u0627\u0644\u0623\u0645\u064a\u0646\u064a\u0629 \u0627\u0644\u0645\u0647\u0645\u0647 \u0644\u0632\u064a\u0627\u062f\u0629 \u0625\u0646\u062a\u0627\u062c \u0627\u0644\u0637\u0627\u0642\u0629 \u0645\u0646 \u0627\u0644\u062a\u0645\u062b\u064a\u0644 \u0627\u0644\u063a\u0630\u0627\u0626\u0649 \u0644\u0644\u063a\u0630\u0627\u0621 \u0645\u0646 \u0623\u0634\u0647\u0631 \u0627\u0644\u0646\u0628\u0627\u062a\u0627\u062a \u0644\u0645\u062d\u0627\u0631\u0628\u0629 \u0627\u0644\u0634\u064a\u062e\u0648\u062e\u0629 \u0648\u0627\u0644\u062a\u062c\u0627\u0639\u064a\u062f \u0648\u064a\u062c\u062f\u062f \u0627\u0644\u0634\u0628\u0627\u0628 \u064a\u062d\u0633\u0646 \u0635\u062d\u0629 \u0627\u0644\u0645\u0641\u0627\u0635\u0644 \u0648\u0627\u0644\u0639\u0638\u0627\u0645 \u0643\u0645\u0627 \u0623\u0646\u0647 \u0645\u0635\u062f\u0631 \u0644\u0645\u0636\u0627\u062f\u0627\u062a \u0627\u0644\u0623\u0643\u0633\u062f\u0629 \u062e\u0627\u0644\u0649 \u0645\u0646\u2026","rel":"","context":"\u062a\u062f\u0648\u064a\u0646\u0629 \u0645\u0634\u0627\u0628\u0647\u0629","block_context":{"text":"\u062a\u062f\u0648\u064a\u0646\u0629 \u0645\u0634\u0627\u0628\u0647\u0629","link":""},"img":{"alt_text":"","src":"https:\/\/i0.wp.com\/egyptvitamins.com\/wp-content\/uploads\/2023\/03\/71CnCXkJMtL._AC_SL1500_.jpg?resize=350%2C200&ssl=1","width":350,"height":200,"srcset":"https:\/\/i0.wp.com\/egyptvitamins.com\/wp-content\/uploads\/2023\/03\/71CnCXkJMtL._AC_SL1500_.jpg?resize=350%2C200&ssl=1 1x, https:\/\/i0.wp.com\/egyptvitamins.com\/wp-content\/uploads\/2023\/03\/71CnCXkJMtL._AC_SL1500_.jpg?resize=525%2C300&ssl=1 1.5x, https:\/\/i0.wp.com\/egyptvitamins.com\/wp-content\/uploads\/2023\/03\/71CnCXkJMtL._AC_SL1500_.jpg?resize=700%2C400&ssl=1 2x"},"classes":[]},{"id":115169,"url":"https:\/\/egyptvitamins.com\/en\/product\/source-naturals-niacinamide-b-3-100mg-cellular-energy-250-tablets\/","url_meta":{"origin":19360,"position":1},"title":"Source Naturals Niacinamide B-3 100mg | Cellular Energy | 250 Tablets","author":"Ahmed Eltaib","date":"15 \u0645\u0627\u0631\u0633\u060c 2026","format":false,"excerpt":"100 mg of Premium Vitamin B3: Delivers a precise daily dose of highly bioavailable Niacinamide in a generous 250-tablet supply. 100% Flush-Free: Formulated to provide all the powerful metabolic benefits of B3 without the uncomfortable skin redness or warming sensation. NAD+ & Energy Booster: Acts as a crucial precursor to\u2026","rel":"","context":"\u062a\u062f\u0648\u064a\u0646\u0629 \u0645\u0634\u0627\u0628\u0647\u0629","block_context":{"text":"\u062a\u062f\u0648\u064a\u0646\u0629 \u0645\u0634\u0627\u0628\u0647\u0629","link":""},"img":{"alt_text":"","src":"https:\/\/i0.wp.com\/egyptvitamins.com\/wp-content\/uploads\/2026\/03\/shopping.webp?resize=350%2C200&ssl=1","width":350,"height":200},"classes":[]},{"id":28396,"url":"https:\/\/egyptvitamins.com\/ar\/product\/vitamin-e-1000-iu-200-tablets-non-gmo-gluten-free-mixed-tocopherols\/","url_meta":{"origin":19360,"position":2},"title":"Vitamin E 1000 IU 200 Tablets (Non-GMO &amp; Gluten-Free) &#8211; Mixed Tocopherols \u0646\u0648\u0632\u0627\u0628\u064a\u0648\u0631 \u060c\u0641\u064a\u062a\u0627\u0645\u064a\u0646 \u06be \u0627\u0644\u0637\u0628\u064a\u0639\u0649\u060c 1000 \u0648\u062d\u062f\u0629 \u062f\u0648\u0644\u064a\u0629 \u060c \u0639\u0627\u0644\u0649 \u0627\u0644\u0625\u0645\u062a\u0635\u0627\u0635\u060c 200 \u0643\u0628\u0633\u0648\u0644\u0629 \u0646\u0628\u0627\u062a\u064a\u0629","author":"Egypt","date":"19 \u062f\u064a\u0633\u0645\u0628\u0631\u060c 2022","format":false,"excerpt":"\u062a\u062d\u062a\u0648\u064a \u0643\u0644 \u062c\u0631\u0639\u0629 \u0639\u0644\u0649 1000 \u0648\u062d\u062f\u0629 \u062f\u0648\u0644\u064a\u0629 \u0645\u0646 \u0641\u064a\u062a\u0627\u0645\u064a\u0646 \u0647\u0640. \u062d\u062c\u0645 \u0627\u0644\u062c\u0631\u0639\u0629 \u0647\u0648 \u0643\u0628\u0633\u0648\u0644\u062a\u064a\u0646 \u0646\u0628\u0627\u062a\u064a\u0629 (500 \u0648\u062d\u062f\u0629 \u062f\u0648\u0644\u064a\u0629 \u0644\u0643\u0644 \u0643\u0628\u0633\u0648\u0644\u0629). \u0645\u0627\u0643\u0633 \u0633\u0627\u0628\u0644\u0627\u064a (200 \u0643\u0628\u0633\u0648\u0644\u0629 \u0644\u0643\u0644 \u0632\u062c\u0627\u062c\u0629 \u0643\u0645\u064a\u0629 \u062a\u0643\u0641\u064a 100 \u064a\u0648\u0645) 100% \u0646\u0628\u0627\u062a\u064a \/ \u0646\u0628\u0627\u062a\u064a \u0648\u063a\u064a\u0631 \u0645\u0639\u062f\u0644 \u0648\u0631\u0627\u062b\u064a\u064b\u0627 \u0648\u062e\u0627\u0644\u064a \u0645\u0646 \u0627\u0644\u063a\u0644\u0648\u062a\u064a\u0646. \u062a\u0631\u0643\u064a\u0628\u0629 \u063a\u064a\u0631 \u0632\u064a\u062a\u064a\u0629 (\u0623\u063a\u0637\u064a\u0629 \u0627\u0644\u0628\u0648\u062f\u0631\u0629) \u064a\u062f\u0639\u0645 \u0627\u0644\u0634\u0639\u0631 \u0627\u0644\u0635\u062d\u064a*\u060c \u0648\u064a\u062f\u0639\u0645 \u0627\u0644\u0648\u0638\u064a\u0641\u0629\u2026","rel":"","context":"\u062a\u062f\u0648\u064a\u0646\u0629 \u0645\u0634\u0627\u0628\u0647\u0629","block_context":{"text":"\u062a\u062f\u0648\u064a\u0646\u0629 \u0645\u0634\u0627\u0628\u0647\u0629","link":""},"img":{"alt_text":"","src":"https:\/\/i0.wp.com\/egyptvitamins.com\/wp-content\/uploads\/2022\/12\/61bo5IqXnL._AC_SL1500_.jpg?resize=350%2C200&ssl=1","width":350,"height":200,"srcset":"https:\/\/i0.wp.com\/egyptvitamins.com\/wp-content\/uploads\/2022\/12\/61bo5IqXnL._AC_SL1500_.jpg?resize=350%2C200&ssl=1 1x, https:\/\/i0.wp.com\/egyptvitamins.com\/wp-content\/uploads\/2022\/12\/61bo5IqXnL._AC_SL1500_.jpg?resize=525%2C300&ssl=1 1.5x, https:\/\/i0.wp.com\/egyptvitamins.com\/wp-content\/uploads\/2022\/12\/61bo5IqXnL._AC_SL1500_.jpg?resize=700%2C400&ssl=1 2x"},"classes":[]},{"id":116894,"url":"https:\/\/egyptvitamins.com\/en\/product\/codeage-akkermansia-muciniphila-probiotic-supplement-100-million-afu-supports-gut-barrier-integrity-90-capsules\/","url_meta":{"origin":19360,"position":3},"title":"Codeage Akkermansia Muciniphila Probiotic Supplement 100 Million AFU | Supports Gut Barrier Integrity | 90 Capsules","author":"Ahmed Eltaib","date":"11 \u0623\u0628\u0631\u064a\u0644\u060c 2026","format":false,"excerpt":"Supports healthy gut barrier integrity and intestinal lining function. Contributes to a diverse and balanced gut microbiome ecosystem. May help maintain healthy metabolic markers and insulin sensitivity. Features Chicory Inulin for prebiotic synergy to support colonization. Pure formulation designed for daily maintenance of the mucosal layer.","rel":"","context":"\u062a\u062f\u0648\u064a\u0646\u0629 \u0645\u0634\u0627\u0628\u0647\u0629","block_context":{"text":"\u062a\u062f\u0648\u064a\u0646\u0629 \u0645\u0634\u0627\u0628\u0647\u0629","link":""},"img":{"alt_text":"","src":"https:\/\/i0.wp.com\/egyptvitamins.com\/wp-content\/uploads\/2026\/04\/61qs5RYAh2L._AC_SY879_.jpg?resize=350%2C200&ssl=1","width":350,"height":200,"srcset":"https:\/\/i0.wp.com\/egyptvitamins.com\/wp-content\/uploads\/2026\/04\/61qs5RYAh2L._AC_SY879_.jpg?resize=350%2C200&ssl=1 1x, https:\/\/i0.wp.com\/egyptvitamins.com\/wp-content\/uploads\/2026\/04\/61qs5RYAh2L._AC_SY879_.jpg?resize=525%2C300&ssl=1 1.5x"},"classes":[]},{"id":35911,"url":"https:\/\/egyptvitamins.com\/ar\/product\/nutricost-bee-propolis-101-extract-5000mg-equivalent-120-capsules-gluten-free-non-gmo-vegetarian-dietary-supplement-from-500mg-of-101-extract\/","url_meta":{"origin":19360,"position":4},"title":"Nutricost Bee Propolis 10:1 Extract 5,000mg Equivalent, 120 Capsules &#8211; Gluten Free, Non-GMO, Vegetarian Dietary Supplement, from 500mg of 10:1 Extract\u0627\u0644\u0628\u0631\u0648\u0628\u0648\u0644\u064a\u0633 \u0645\u0646 \u0646\u0648\u062a\u0631\u064a\u0643\u0648\u0633\u062a 500\u0645\u062c\u0645 \u0639\u0628\u0648\u0647 120 \u0643\u0628\u0633\u0648\u0644\u0647","author":"Ahmed Elsayed","date":"28 \u0623\u063a\u0633\u0637\u0633\u060c 2023","format":false,"excerpt":"\u064a\u0633\u0627\u0639\u062f \u0641\u064a \u0639\u0645\u0644\u064a\u0629 \u062a\u0633\u0631\u064a\u0639 \u0634\u0641\u0627\u0621 \u0627\u0644\u062c\u0631\u0648\u062d \u0648\u0627\u0644\u062d\u0631\u0648\u0642\u060c \u0643\u0645\u0627 \u064a\u0645\u0643\u0646 \u0623\u0646 \u064a\u0633\u0627\u0639\u062f \u0627\u0644\u0639\u0643\u0628\u0631 \u0639\u0644\u0649 \u0627\u0644\u062a\u0639\u0632\u064a\u0632 \u0645\u0646 \u0634\u0641\u0627\u0621 \u0627\u0644\u062c\u0631\u0648\u062d \u0645\u0646 \u062e\u0644\u0627\u0644 \u0642\u062f\u0631\u062a\u0647 \u0639\u0644\u0649 \u062a\u062d\u0641\u064a\u0632 \u0625\u0646\u062a\u0627\u062c \u0628\u0631\u0648\u062a\u064a\u0646 \u0627\u0644\u0643\u0648\u0644\u0627\u062c\u064a\u0646 \u0627\u0644\u062e\u0635\u0627\u0626\u0635 \u0627\u0644\u0645\u0636\u0627\u062f\u0629 \u0644\u0644\u0645\u064a\u0643\u0631\u0648\u0628\u0627\u062a \u0627\u0644\u062a\u064a \u064a\u0645\u062a\u0644\u0643\u0647\u0627 \u0627\u0644\u0628\u0631\u0648\u0628\u0648\u0644\u064a\u0633 \u062a\u0642\u0644\u0644 \u0645\u0646 \u062e\u0637\u0631 \u0625\u0635\u0627\u0628\u0629 \u0627\u0644\u062c\u0631\u062d \u0628\u0627\u0644\u0639\u062f\u0648\u0649\u060c \u0648\u0627\u0644\u062a\u064a \u0645\u0646 \u0627\u0644\u0645\u0645\u0643\u0646 \u0623\u0646 \u062a\u0624\u062f\u064a \u0625\u0644\u0649 \u0627\u0644\u0625\u0628\u0637\u0627\u0621 \u0645\u0646 \u0627\u0644\u062a\u0626\u0627\u0645 \u0627\u0644\u062c\u0631\u062d \u064a\u0633\u0627\u0639\u062f \u0641\u064a \u0627\u0644\u062a\u0642\u0644\u064a\u0644\u2026","rel":"","context":"\u062a\u062f\u0648\u064a\u0646\u0629 \u0645\u0634\u0627\u0628\u0647\u0629","block_context":{"text":"\u062a\u062f\u0648\u064a\u0646\u0629 \u0645\u0634\u0627\u0628\u0647\u0629","link":""},"img":{"alt_text":"","src":"https:\/\/i0.wp.com\/egyptvitamins.com\/wp-content\/uploads\/2023\/08\/6156mKUvUKL._AC_UF10001000_QL80_FMwebp_.webp?resize=350%2C200&ssl=1","width":350,"height":200},"classes":[]},{"id":115107,"url":"https:\/\/egyptvitamins.com\/en\/product\/natural-diatomaceous-earth-food-grade-600mg-internal-detox-silica-support\/","url_meta":{"origin":19360,"position":5},"title":"Natural Diatomaceous Earth Food Grade 600mg | Internal Detox &#038; Silica Support","author":"Ahmed Eltaib","date":"14 \u0645\u0627\u0631\u0633\u060c 2026","format":false,"excerpt":"100% Natural Organic: Pure, food-grade fossilized microalgae with zero additives. Deep Adsorptive Detox: Negatively charged matrix naturally binds to and flushes out heavy metals and toxins. Collagen & Joint Support: Rich in bioavailable silica (orthosilicic acid) to boost bone density and skin health. Lipid Regulation: Clinically shown to help reduce\u2026","rel":"","context":"\u062a\u062f\u0648\u064a\u0646\u0629 \u0645\u0634\u0627\u0628\u0647\u0629","block_context":{"text":"\u062a\u062f\u0648\u064a\u0646\u0629 \u0645\u0634\u0627\u0628\u0647\u0629","link":""},"img":{"alt_text":"","src":"https:\/\/i0.wp.com\/egyptvitamins.com\/wp-content\/uploads\/2026\/03\/713WgaaUPVL._AC_SX679_.jpg?resize=350%2C200&ssl=1","width":350,"height":200,"srcset":"https:\/\/i0.wp.com\/egyptvitamins.com\/wp-content\/uploads\/2026\/03\/713WgaaUPVL._AC_SX679_.jpg?resize=350%2C200&ssl=1 1x, https:\/\/i0.wp.com\/egyptvitamins.com\/wp-content\/uploads\/2026\/03\/713WgaaUPVL._AC_SX679_.jpg?resize=525%2C300&ssl=1 1.5x"},"classes":[]}],"jetpack_sharing_enabled":true,"brands":[{"id":429,"name":"WeightWorld","slug":"weightworld"}],"_links":{"self":[{"href":"https:\/\/egyptvitamins.com\/ar\/wp-json\/wp\/v2\/product\/19360","targetHints":{"allow":["GET"]}}],"collection":[{"href":"https:\/\/egyptvitamins.com\/ar\/wp-json\/wp\/v2\/product"}],"about":[{"href":"https:\/\/egyptvitamins.com\/ar\/wp-json\/wp\/v2\/types\/product"}],"replies":[{"embeddable":true,"href":"https:\/\/egyptvitamins.com\/ar\/wp-json\/wp\/v2\/comments?post=19360"}],"wp:featuredmedia":[{"embeddable":true,"href":"https:\/\/egyptvitamins.com\/ar\/wp-json\/wp\/v2\/media\/33095"}],"wp:attachment":[{"href":"https:\/\/egyptvitamins.com\/ar\/wp-json\/wp\/v2\/media?parent=19360"}],"wp:term":[{"taxonomy":"pwb-brand","embeddable":true,"href":"https:\/\/egyptvitamins.com\/ar\/wp-json\/wp\/v2\/pwb-brand?post=19360"},{"taxonomy":"product_brand","embeddable":true,"href":"https:\/\/egyptvitamins.com\/ar\/wp-json\/wp\/v2\/product_brand?post=19360"},{"taxonomy":"product_cat","embeddable":true,"href":"https:\/\/egyptvitamins.com\/ar\/wp-json\/wp\/v2\/product_cat?post=19360"},{"taxonomy":"product_tag","embeddable":true,"href":"https:\/\/egyptvitamins.com\/ar\/wp-json\/wp\/v2\/product_tag?post=19360"}],"curies":[{"name":"wp","href":"https:\/\/api.w.org\/{rel}","templated":true}]}}